{"id":130,"date":"2025-07-27T11:59:07","date_gmt":"2025-07-27T11:59:07","guid":{"rendered":"https:\/\/taverne-usghenkt.ddns.net\/?page_id=130"},"modified":"2026-03-14T21:03:13","modified_gmt":"2026-03-14T21:03:13","slug":"elementor-130","status":"publish","type":"page","link":"https:\/\/taverne-usghenkt.ddns.net\/","title":{"rendered":"Homepage"},"content":{"rendered":"\t\t<div data-elementor-type=\"wp-post\" data-elementor-id=\"130\" class=\"elementor elementor-130\">\n\t\t\t\t<div class=\"elementor-element elementor-element-aeadfdf e-flex e-con-boxed e-con e-parent\" data-id=\"aeadfdf\" data-element_type=\"container\" data-e-type=\"container\">\n\t\t\t\t\t<div class=\"e-con-inner\">\n\t\t\t\t<div class=\"elementor-element elementor-element-6cbb158 elementor-widget elementor-widget-image\" data-id=\"6cbb158\" data-element_type=\"widget\" data-e-type=\"widget\" data-widget_type=\"image.default\">\n\t\t\t\t\t\t\t\t\t\t\t\t\t\t\t<img fetchpriority=\"high\" decoding=\"async\" width=\"1024\" height=\"683\" src=\"https:\/\/taverne-usghenkt.ddns.net\/wp-content\/uploads\/2025\/08\/Purrlo-2-1024x683.png\" class=\"attachment-large size-large wp-image-698\" alt=\"\" srcset=\"https:\/\/taverne-usghenkt.ddns.net\/wp-content\/uploads\/2025\/08\/Purrlo-2-1024x683.png 1024w, https:\/\/taverne-usghenkt.ddns.net\/wp-content\/uploads\/2025\/08\/Purrlo-2-300x200.png 300w, https:\/\/taverne-usghenkt.ddns.net\/wp-content\/uploads\/2025\/08\/Purrlo-2-768x512.png 768w, https:\/\/taverne-usghenkt.ddns.net\/wp-content\/uploads\/2025\/08\/Purrlo-2.png 1536w\" sizes=\"(max-width: 1024px) 100vw, 1024px\" \/>\t\t\t\t\t\t\t\t\t\t\t\t\t\t\t<\/div>\n\t\t\t\t\t<\/div>\n\t\t\t\t<\/div>\n\t\t<div class=\"elementor-element elementor-element-4913725 e-flex e-con-boxed e-con e-parent\" data-id=\"4913725\" data-element_type=\"container\" data-e-type=\"container\">\n\t\t\t\t\t<div class=\"e-con-inner\">\n\t\t\t\t<div class=\"elementor-element elementor-element-c7a7699 elementor-widget elementor-widget-text-editor\" data-id=\"c7a7699\" data-element_type=\"widget\" data-e-type=\"widget\" data-widget_type=\"text-editor.default\">\n\t\t\t\t\t\t\t\t\t<p>Sei gegr\u00fcsst Abenteurer! Ich, d\u00e4 Purrlo Nachtfell, heiss\u00e4 dich ganz herzlich willkomm\u00e4 i minere Taverne &#8220;Zur Samtpfote&#8221;.<\/p>\n<p>Do findsch du momentan vor allem Infos zu \u00fcsere D&amp;D Kampagne (meh d\u00e4zue <span style=\"text-decoration: underline;\"><a href=\"https:\/\/taverne-usghenkt.ddns.net\/index.php\/elementor-134\/\">do<\/a><\/span>).<\/p>\n<p>Ich w\u00fcnsch dir en guete Ufenthalt i minere Taverne. Sk\u00e0l!<\/p>\n<p>PS: Noch jed\u00e4m 10. Ufenthalt giits \u00e4n Met ufs Huus. Juubel!<\/p>\t\t\t\t\t\t\t\t<\/div>\n\t\t\t\t\t<\/div>\n\t\t\t\t<\/div>\n\t\t\t\t<\/div>\n\t\t","protected":false},"excerpt":{"rendered":"<p>Sei gegr\u00fcsst Abenteurer! Ich, d\u00e4 Purrlo Nachtfell, heiss\u00e4 dich ganz herzlich willkomm\u00e4 i minere Taverne &#8220;Zur Samtpfote&#8221;. Do findsch du momentan vor allem Infos zu \u00fcsere D&amp;D Kampagne (meh d\u00e4zue do). Ich w\u00fcnsch dir en guete Ufenthalt i minere Taverne. Sk\u00e0l! PS: Noch jed\u00e4m 10. Ufenthalt giits \u00e4n Met ufs Huus. Juubel!<\/p>\n","protected":false},"author":3,"featured_media":0,"parent":0,"menu_order":0,"comment_status":"closed","ping_status":"closed","template":"","meta":{"footnotes":""},"class_list":["post-130","page","type-page","status-publish","hentry"],"_links":{"self":[{"href":"https:\/\/taverne-usghenkt.ddns.net\/index.php\/wp-json\/wp\/v2\/pages\/130","targetHints":{"allow":["GET"]}}],"collection":[{"href":"https:\/\/taverne-usghenkt.ddns.net\/index.php\/wp-json\/wp\/v2\/pages"}],"about":[{"href":"https:\/\/taverne-usghenkt.ddns.net\/index.php\/wp-json\/wp\/v2\/types\/page"}],"author":[{"embeddable":true,"href":"https:\/\/taverne-usghenkt.ddns.net\/index.php\/wp-json\/wp\/v2\/users\/3"}],"replies":[{"embeddable":true,"href":"https:\/\/taverne-usghenkt.ddns.net\/index.php\/wp-json\/wp\/v2\/comments?post=130"}],"version-history":[{"count":63,"href":"https:\/\/taverne-usghenkt.ddns.net\/index.php\/wp-json\/wp\/v2\/pages\/130\/revisions"}],"predecessor-version":[{"id":971,"href":"https:\/\/taverne-usghenkt.ddns.net\/index.php\/wp-json\/wp\/v2\/pages\/130\/revisions\/971"}],"wp:attachment":[{"href":"https:\/\/taverne-usghenkt.ddns.net\/index.php\/wp-json\/wp\/v2\/media?parent=130"}],"curies":[{"name":"wp","href":"https:\/\/api.w.org\/{rel}","templated":true}]}}