{"id":134,"date":"2025-07-27T12:02:28","date_gmt":"2025-07-27T12:02:28","guid":{"rendered":"https:\/\/taverne-usghenkt.ddns.net\/?page_id=134"},"modified":"2025-07-28T11:33:38","modified_gmt":"2025-07-28T11:33:38","slug":"elementor-134","status":"publish","type":"page","link":"https:\/\/taverne-usghenkt.ddns.net\/index.php\/elementor-134\/","title":{"rendered":"D&amp;D"},"content":{"rendered":"\t\t<div data-elementor-type=\"wp-post\" data-elementor-id=\"134\" class=\"elementor elementor-134\">\n\t\t\t\t<div class=\"elementor-element elementor-element-e48a8ab e-flex e-con-boxed e-con e-parent\" data-id=\"e48a8ab\" data-element_type=\"container\" data-e-type=\"container\">\n\t\t\t\t\t<div class=\"e-con-inner\">\n\t\t\t\t<div class=\"elementor-element elementor-element-57e680c elementor-widget elementor-widget-image\" data-id=\"57e680c\" data-element_type=\"widget\" data-e-type=\"widget\" data-widget_type=\"image.default\">\n\t\t\t\t\t\t\t\t\t\t\t\t\t\t\t<img fetchpriority=\"high\" decoding=\"async\" width=\"800\" height=\"450\" src=\"https:\/\/taverne-usghenkt.ddns.net\/wp-content\/uploads\/2025\/07\/Heroes.webp\" class=\"attachment-large size-large wp-image-236\" alt=\"\" srcset=\"https:\/\/taverne-usghenkt.ddns.net\/wp-content\/uploads\/2025\/07\/Heroes.webp 800w, https:\/\/taverne-usghenkt.ddns.net\/wp-content\/uploads\/2025\/07\/Heroes-300x169.webp 300w, https:\/\/taverne-usghenkt.ddns.net\/wp-content\/uploads\/2025\/07\/Heroes-768x432.webp 768w\" sizes=\"(max-width: 800px) 100vw, 800px\" \/>\t\t\t\t\t\t\t\t\t\t\t\t\t\t\t<\/div>\n\t\t\t\t<div class=\"elementor-element elementor-element-1d690d7 elementor-widget elementor-widget-text-editor\" data-id=\"1d690d7\" data-element_type=\"widget\" data-e-type=\"widget\" data-widget_type=\"text-editor.default\">\n\t\t\t\t\t\t\t\t\t<ul><li><a href=\"https:\/\/taverne-usghenkt.ddns.net\/index.php\/elementor-205\/\">Infos zur n\u00e4chsten Session<\/a><\/li><\/ul>\t\t\t\t\t\t\t\t<\/div>\n\t\t\t\t<div class=\"elementor-element elementor-element-8dcc9c3 elementor-widget elementor-widget-text-editor\" data-id=\"8dcc9c3\" data-element_type=\"widget\" data-e-type=\"widget\" data-widget_type=\"text-editor.default\">\n\t\t\t\t\t\t\t\t\t<ul><li><a href=\"https:\/\/taverne-usghenkt.ddns.net\/index.php\/infos-zur-kampagne\/\">Infos zur Kampagne<\/a><\/li><\/ul>\t\t\t\t\t\t\t\t<\/div>\n\t\t\t\t\t<\/div>\n\t\t\t\t<\/div>\n\t\t<div class=\"elementor-element elementor-element-dac635e e-flex e-con-boxed e-con e-parent\" data-id=\"dac635e\" data-element_type=\"container\" data-e-type=\"container\">\n\t\t\t\t\t<div class=\"e-con-inner\">\n\t\t\t\t<div class=\"elementor-element elementor-element-a3fc409 elementor-widget elementor-widget-text-editor\" data-id=\"a3fc409\" data-element_type=\"widget\" data-e-type=\"widget\" data-widget_type=\"text-editor.default\">\n\t\t\t\t\t\t\t\t\t<ul><li><a href=\"https:\/\/taverne-usghenkt.ddns.net\/index.php\/vorbereitungsauftrage\/\">Vorbereitungsauftr\u00e4ge<\/a><\/li><\/ul>\t\t\t\t\t\t\t\t<\/div>\n\t\t\t\t\t<\/div>\n\t\t\t\t<\/div>\n\t\t<div class=\"elementor-element elementor-element-60a9dff e-flex e-con-boxed e-con e-parent\" data-id=\"60a9dff\" data-element_type=\"container\" data-e-type=\"container\">\n\t\t\t\t\t<div class=\"e-con-inner\">\n\t\t\t\t<div class=\"elementor-element elementor-element-5c0cefc elementor-widget elementor-widget-text-editor\" data-id=\"5c0cefc\" data-element_type=\"widget\" data-e-type=\"widget\" data-widget_type=\"text-editor.default\">\n\t\t\t\t\t\t\t\t\t<ul><li><a href=\"https:\/\/taverne-usghenkt.ddns.net\/index.php\/dd-wissen\/\">D&amp;D Wissen<\/a><\/li><\/ul>\t\t\t\t\t\t\t\t<\/div>\n\t\t\t\t\t<\/div>\n\t\t\t\t<\/div>\n\t\t<div class=\"elementor-element elementor-element-2ec0b3e e-flex e-con-boxed e-con e-parent\" data-id=\"2ec0b3e\" data-element_type=\"container\" data-e-type=\"container\">\n\t\t\t\t\t<div class=\"e-con-inner\">\n\t\t\t\t<div class=\"elementor-element elementor-element-940bcf7 elementor-widget elementor-widget-text-editor\" data-id=\"940bcf7\" data-element_type=\"widget\" data-e-type=\"widget\" data-widget_type=\"text-editor.default\">\n\t\t\t\t\t\t\t\t\t<ul><li><a href=\"https:\/\/taverne-usghenkt.ddns.net\/index.php\/das-brauchst-du\/\">Das brauchst du<\/a><\/li><\/ul>\t\t\t\t\t\t\t\t<\/div>\n\t\t\t\t\t<\/div>\n\t\t\t\t<\/div>\n\t\t<div class=\"elementor-element elementor-element-c71c9e8 e-flex e-con-boxed e-con e-parent\" data-id=\"c71c9e8\" data-element_type=\"container\" data-e-type=\"container\">\n\t\t\t\t\t<div class=\"e-con-inner\">\n\t\t\t\t<div class=\"elementor-element elementor-element-c2b38bd elementor-widget elementor-widget-text-editor\" data-id=\"c2b38bd\" data-element_type=\"widget\" data-e-type=\"widget\" data-widget_type=\"text-editor.default\">\n\t\t\t\t\t\t\t\t\t<ul><li><a href=\"https:\/\/taverne-usghenkt.ddns.net\/index.php\/ruckblicke-beste-momente\/\">R\u00fcckblicke \/ beste Momente<\/a><\/li><\/ul>\t\t\t\t\t\t\t\t<\/div>\n\t\t\t\t<div class=\"elementor-element elementor-element-346556d elementor-widget elementor-widget-spacer\" data-id=\"346556d\" data-element_type=\"widget\" data-e-type=\"widget\" data-widget_type=\"spacer.default\">\n\t\t\t\t\t\t\t<div class=\"elementor-spacer\">\n\t\t\t<div class=\"elementor-spacer-inner\"><\/div>\n\t\t<\/div>\n\t\t\t\t\t\t<\/div>\n\t\t\t\t\t<\/div>\n\t\t\t\t<\/div>\n\t\t\t\t<\/div>\n\t\t","protected":false},"excerpt":{"rendered":"<p>Infos zur n\u00e4chsten Session Infos zur Kampagne Vorbereitungsauftr\u00e4ge D&amp;D Wissen Das brauchst du R\u00fcckblicke \/ beste Momente<\/p>\n","protected":false},"author":3,"featured_media":0,"parent":0,"menu_order":0,"comment_status":"closed","ping_status":"closed","template":"","meta":{"footnotes":""},"class_list":["post-134","page","type-page","status-publish","hentry"],"_links":{"self":[{"href":"https:\/\/taverne-usghenkt.ddns.net\/index.php\/wp-json\/wp\/v2\/pages\/134","targetHints":{"allow":["GET"]}}],"collection":[{"href":"https:\/\/taverne-usghenkt.ddns.net\/index.php\/wp-json\/wp\/v2\/pages"}],"about":[{"href":"https:\/\/taverne-usghenkt.ddns.net\/index.php\/wp-json\/wp\/v2\/types\/page"}],"author":[{"embeddable":true,"href":"https:\/\/taverne-usghenkt.ddns.net\/index.php\/wp-json\/wp\/v2\/users\/3"}],"replies":[{"embeddable":true,"href":"https:\/\/taverne-usghenkt.ddns.net\/index.php\/wp-json\/wp\/v2\/comments?post=134"}],"version-history":[{"count":79,"href":"https:\/\/taverne-usghenkt.ddns.net\/index.php\/wp-json\/wp\/v2\/pages\/134\/revisions"}],"predecessor-version":[{"id":638,"href":"https:\/\/taverne-usghenkt.ddns.net\/index.php\/wp-json\/wp\/v2\/pages\/134\/revisions\/638"}],"wp:attachment":[{"href":"https:\/\/taverne-usghenkt.ddns.net\/index.php\/wp-json\/wp\/v2\/media?parent=134"}],"curies":[{"name":"wp","href":"https:\/\/api.w.org\/{rel}","templated":true}]}}