{"id":335,"date":"2025-07-27T18:35:03","date_gmt":"2025-07-27T18:35:03","guid":{"rendered":"https:\/\/taverne-usghenkt.ddns.net\/?page_id=335"},"modified":"2025-10-06T18:13:02","modified_gmt":"2025-10-06T18:13:02","slug":"vorbereitungsauftrage","status":"publish","type":"page","link":"https:\/\/taverne-usghenkt.ddns.net\/index.php\/vorbereitungsauftrage\/","title":{"rendered":"Vorbereitungsauftr\u00e4ge"},"content":{"rendered":"\t\t<div data-elementor-type=\"wp-post\" data-elementor-id=\"335\" class=\"elementor elementor-335\">\n\t\t\t\t<div class=\"elementor-element elementor-element-9350d59 e-flex e-con-boxed e-con e-parent\" data-id=\"9350d59\" data-element_type=\"container\" data-e-type=\"container\">\n\t\t\t\t\t<div class=\"e-con-inner\">\n\t\t\t\t<div class=\"elementor-element elementor-element-e76c4e3 elementor-widget elementor-widget-image\" data-id=\"e76c4e3\" data-element_type=\"widget\" data-e-type=\"widget\" data-widget_type=\"image.default\">\n\t\t\t\t\t\t\t\t\t\t\t\t\t\t\t<img fetchpriority=\"high\" decoding=\"async\" width=\"826\" height=\"464\" src=\"https:\/\/taverne-usghenkt.ddns.net\/wp-content\/uploads\/2025\/07\/tumblr_p66ohxX09z1uw6r2go1_1280.jpg\" class=\"attachment-large size-large wp-image-341\" alt=\"\" srcset=\"https:\/\/taverne-usghenkt.ddns.net\/wp-content\/uploads\/2025\/07\/tumblr_p66ohxX09z1uw6r2go1_1280.jpg 826w, https:\/\/taverne-usghenkt.ddns.net\/wp-content\/uploads\/2025\/07\/tumblr_p66ohxX09z1uw6r2go1_1280-300x169.jpg 300w, https:\/\/taverne-usghenkt.ddns.net\/wp-content\/uploads\/2025\/07\/tumblr_p66ohxX09z1uw6r2go1_1280-768x431.jpg 768w\" sizes=\"(max-width: 826px) 100vw, 826px\" \/>\t\t\t\t\t\t\t\t\t\t\t\t\t\t\t<\/div>\n\t\t\t\t<div class=\"elementor-element elementor-element-eb46898 elementor-widget elementor-widget-spacer\" data-id=\"eb46898\" data-element_type=\"widget\" data-e-type=\"widget\" data-widget_type=\"spacer.default\">\n\t\t\t\t\t\t\t<div class=\"elementor-spacer\">\n\t\t\t<div class=\"elementor-spacer-inner\"><\/div>\n\t\t<\/div>\n\t\t\t\t\t\t<\/div>\n\t\t\t\t<div class=\"elementor-element elementor-element-62653d8 elementor-widget elementor-widget-heading\" data-id=\"62653d8\" data-element_type=\"widget\" data-e-type=\"widget\" data-widget_type=\"heading.default\">\n\t\t\t\t\t<h2 class=\"elementor-heading-title elementor-size-default\">Bisheriger Plot<\/h2>\t\t\t\t<\/div>\n\t\t\t\t\t<\/div>\n\t\t\t\t<\/div>\n\t\t<div class=\"elementor-element elementor-element-a8631aa e-flex e-con-boxed e-con e-parent\" data-id=\"a8631aa\" data-element_type=\"container\" data-e-type=\"container\">\n\t\t\t\t\t<div class=\"e-con-inner\">\n\t\t\t\t<div class=\"elementor-element elementor-element-8147993 elementor-widget elementor-widget-text-editor\" data-id=\"8147993\" data-element_type=\"widget\" data-e-type=\"widget\" data-widget_type=\"text-editor.default\">\n\t\t\t\t\t\t\t\t\t<p>Geh zu &#8220;Plot&#8221; bei &#8220;Infos zur Kampagne&#8221; &amp; lies, was bisher in der Kampagne passiert ist. Versuch dich daran zu erinnern, wen du bereits alles kennengelernt hast, wo du warst, welche speziellen Gegenst\u00e4nde du erhalten hast, was du gemacht hast etc. Evtl. notierst du f\u00fcr dich wichtig erscheinende Informationen, damit du diese in der n\u00e4chsten Session schnell zur Hand hast.<\/p>\t\t\t\t\t\t\t\t<\/div>\n\t\t\t\t\t<\/div>\n\t\t\t\t<\/div>\n\t\t<div class=\"elementor-element elementor-element-301a192 e-flex e-con-boxed e-con e-parent\" data-id=\"301a192\" data-element_type=\"container\" data-e-type=\"container\">\n\t\t\t\t\t<div class=\"e-con-inner\">\n\t\t<div class=\"elementor-element elementor-element-e889a77 e-con-full e-flex e-con e-child\" data-id=\"e889a77\" data-element_type=\"container\" data-e-type=\"container\">\n\t\t\t\t<\/div>\n\t\t\t\t<div class=\"elementor-element elementor-element-87dcbb1 elementor-widget elementor-widget-heading\" data-id=\"87dcbb1\" data-element_type=\"widget\" data-e-type=\"widget\" data-widget_type=\"heading.default\">\n\t\t\t\t\t<h2 class=\"elementor-heading-title elementor-size-default\">Charakter anpassen<\/h2>\t\t\t\t<\/div>\n\t\t\t\t<div class=\"elementor-element elementor-element-54fe1d7 elementor-widget elementor-widget-text-editor\" data-id=\"54fe1d7\" data-element_type=\"widget\" data-e-type=\"widget\" data-widget_type=\"text-editor.default\">\n\t\t\t\t\t\t\t\t\t<p data-pm-slice=\"1 1 []\">\u00dcberleg dir, ob du deinen Charakter behalten willst, \u00c4nderungen an ihm vornehmen willst oder einen neuen Charakter erstellen m\u00f6chtest.<\/p>\t\t\t\t\t\t\t\t<\/div>\n\t\t\t\t\t<\/div>\n\t\t\t\t<\/div>\n\t\t<div class=\"elementor-element elementor-element-bc3d8c0 e-flex e-con-boxed e-con e-parent\" data-id=\"bc3d8c0\" data-element_type=\"container\" data-e-type=\"container\">\n\t\t\t\t\t<div class=\"e-con-inner\">\n\t\t\t\t<div class=\"elementor-element elementor-element-c620d52 elementor-widget elementor-widget-text-editor\" data-id=\"c620d52\" data-element_type=\"widget\" data-e-type=\"widget\" data-widget_type=\"text-editor.default\">\n\t\t\t\t\t\t\t\t\t<p data-pm-slice=\"1 1 []\">Vorgehen &#8216;\u00c4nderungen an bestehendem Charakter&#8217;:<\/p><ul><li data-pm-slice=\"1 1 []\">In der App D&amp;D Beyond schauen, welche \u00c4nderungen du vornehmen kannst\/willst.<\/li><\/ul>\t\t\t\t\t\t\t\t<\/div>\n\t\t\t\t\t<\/div>\n\t\t\t\t<\/div>\n\t\t<div class=\"elementor-element elementor-element-d057849 e-flex e-con-boxed e-con e-parent\" data-id=\"d057849\" data-element_type=\"container\" data-e-type=\"container\">\n\t\t\t\t\t<div class=\"e-con-inner\">\n\t\t\t\t<div class=\"elementor-element elementor-element-24257b0 elementor-widget elementor-widget-text-editor\" data-id=\"24257b0\" data-element_type=\"widget\" data-e-type=\"widget\" data-widget_type=\"text-editor.default\">\n\t\t\t\t\t\t\t\t\t<p data-pm-slice=\"1 1 []\">Vorgehen &#8216;Neuer Charakter erstellen&#8217;:<\/p><ul><li data-pm-slice=\"1 1 []\"><p data-pm-slice=\"1 3 []\">\u00dcberleg dir, welches Volk (Mensch, Elf, Zwerg&#8230;) und welche Klasse (Paladin, Magier, Druide&#8230;) dich interessieren w\u00fcrden.<\/p><p>Um dir eine Klasse auszusuchen, k\u00f6nnte dir das Bild &#8220;Welche Klasse passt zu dir?&#8221; in der Spalte &#8220;D&amp;D Wissen&#8221; helfen.<\/p><\/li><\/ul><p><em>Schnellere Variante:<\/em><\/p><ul><li><p>Schau dir in der Spalte &#8220;<a href=\"https:\/\/taverne-usghenkt.ddns.net\/index.php\/dd-wissen\/\">D&amp;D Wissen<\/a>&#8221; die Posts &#8220;V\u00f6lker in D&amp;D&#8221; und &#8220;Klassen in D&amp;D&#8221; an.<\/p><\/li><\/ul><p><em>Ausf\u00fchrlichere Variante:<\/em><\/p><ul><li><p>Lies den Ausschnitt &#8220;V\u00f6lker &amp; Klassen&#8221; aus dem offiziellen DnD Spielerhandbuch in der Spalte &#8220;<a href=\"https:\/\/taverne-usghenkt.ddns.net\/index.php\/dd-wissen\/\">D&amp;D Wissen<\/a>&#8220;<\/p><\/li><\/ul>\t\t\t\t\t\t\t\t<\/div>\n\t\t\t\t\t<\/div>\n\t\t\t\t<\/div>\n\t\t<div class=\"elementor-element elementor-element-1a65959 e-flex e-con-boxed e-con e-parent\" data-id=\"1a65959\" data-element_type=\"container\" data-e-type=\"container\">\n\t\t\t\t\t<div class=\"e-con-inner\">\n\t\t\t\t<div class=\"elementor-element elementor-element-d462cee elementor-widget elementor-widget-spacer\" data-id=\"d462cee\" data-element_type=\"widget\" data-e-type=\"widget\" data-widget_type=\"spacer.default\">\n\t\t\t\t\t\t\t<div class=\"elementor-spacer\">\n\t\t\t<div class=\"elementor-spacer-inner\"><\/div>\n\t\t<\/div>\n\t\t\t\t\t\t<\/div>\n\t\t\t\t\t<\/div>\n\t\t\t\t<\/div>\n\t\t<div class=\"elementor-element elementor-element-65e967e e-flex e-con-boxed e-con e-parent\" data-id=\"65e967e\" data-element_type=\"container\" data-e-type=\"container\">\n\t\t\t\t\t<div class=\"e-con-inner\">\n\t\t\t\t<div class=\"elementor-element elementor-element-6fa6bc9 elementor-widget elementor-widget-heading\" data-id=\"6fa6bc9\" data-element_type=\"widget\" data-e-type=\"widget\" data-widget_type=\"heading.default\">\n\t\t\t\t\t<h2 class=\"elementor-heading-title elementor-size-default\">Fragen &amp; Unklarheiten<\/h2>\t\t\t\t<\/div>\n\t\t\t\t\t<\/div>\n\t\t\t\t<\/div>\n\t\t<div class=\"elementor-element elementor-element-e83a514 e-flex e-con-boxed e-con e-parent\" data-id=\"e83a514\" data-element_type=\"container\" data-e-type=\"container\">\n\t\t\t\t\t<div class=\"e-con-inner\">\n\t\t\t\t<div class=\"elementor-element elementor-element-f0c48fa elementor-widget elementor-widget-text-editor\" data-id=\"f0c48fa\" data-element_type=\"widget\" data-e-type=\"widget\" data-widget_type=\"text-editor.default\">\n\t\t\t\t\t\t\t\t\t<p data-pm-slice=\"1 1 []\">Sammle deine Fragen oder sonstige Hinweise, damit du sie mir oder den anderen Spielern erl\u00e4utern kannst.<\/p>\t\t\t\t\t\t\t\t<\/div>\n\t\t\t\t<div class=\"elementor-element elementor-element-144c2e8 elementor-widget elementor-widget-shortcode\" data-id=\"144c2e8\" data-element_type=\"widget\" data-e-type=\"widget\" data-widget_type=\"shortcode.default\">\n\t\t\t\t\t\t\t<div class=\"elementor-shortcode\">\n<div class=\"wpcf7 no-js\" id=\"wpcf7-f581-o1\" lang=\"en-US\" dir=\"ltr\" data-wpcf7-id=\"581\">\n<div class=\"screen-reader-response\"><p role=\"status\" aria-live=\"polite\" aria-atomic=\"true\"><\/p> <ul><\/ul><\/div>\n<form action=\"\/index.php\/wp-json\/wp\/v2\/pages\/335#wpcf7-f581-o1\" method=\"post\" class=\"wpcf7-form init\" aria-label=\"Contact form\" novalidate=\"novalidate\" data-status=\"init\">\n<fieldset class=\"hidden-fields-container\"><input type=\"hidden\" name=\"_wpcf7\" value=\"581\" \/><input type=\"hidden\" name=\"_wpcf7_version\" value=\"6.1.5\" \/><input type=\"hidden\" name=\"_wpcf7_locale\" value=\"en_US\" \/><input type=\"hidden\" name=\"_wpcf7_unit_tag\" value=\"wpcf7-f581-o1\" \/><input type=\"hidden\" name=\"_wpcf7_container_post\" value=\"0\" \/><input type=\"hidden\" name=\"_wpcf7_posted_data_hash\" value=\"\" \/>\n<\/fieldset>\n<p><label> Dein Name<br \/>\n<span class=\"wpcf7-form-control-wrap\" data-name=\"your-name\"><input size=\"40\" maxlength=\"400\" class=\"wpcf7-form-control wpcf7-text wpcf7-validates-as-required\" autocomplete=\"name\" aria-required=\"true\" aria-invalid=\"false\" value=\"\" type=\"text\" name=\"your-name\" \/><\/span> <\/label>\n<\/p>\n<p><label> Deine Frage<br \/>\n<span class=\"wpcf7-form-control-wrap\" data-name=\"your-subject\"><input size=\"40\" maxlength=\"400\" class=\"wpcf7-form-control wpcf7-text wpcf7-validates-as-required\" aria-required=\"true\" aria-invalid=\"false\" value=\"\" type=\"text\" name=\"your-subject\" \/><\/span> <\/label>\n<\/p>\n<p><label> Kommentar (optional)<br \/>\n<span class=\"wpcf7-form-control-wrap\" data-name=\"your-message\"><textarea cols=\"40\" rows=\"10\" maxlength=\"2000\" class=\"wpcf7-form-control wpcf7-textarea\" aria-invalid=\"false\" name=\"your-message\"><\/textarea><\/span> <\/label>\n<\/p>\n<p><input class=\"wpcf7-form-control wpcf7-submit has-spinner\" type=\"submit\" value=\"Abschicken\" \/>\n<\/p><div class=\"wpcf7-response-output\" aria-hidden=\"true\"><\/div>\n<\/form>\n<\/div>\n<\/div>\n\t\t\t\t\t\t<\/div>\n\t\t\t\t<div class=\"elementor-element elementor-element-8ee5298 elementor-widget elementor-widget-shortcode\" data-id=\"8ee5298\" data-element_type=\"widget\" data-e-type=\"widget\" data-widget_type=\"shortcode.default\">\n\t\t\t\t\t\t\t<div class=\"elementor-shortcode\"><div id=\"tablesome__container\" data-table-id=\"582\" class=\"tablesome__container tablesome__container--582  tablesome__container--read-only tablesome__customstyle fit-to-container scroll-mode min-column-width max-column-width serialNumberColumn stickyFirstColumn disable_filter sm-disable_filter \" data-exclude-column-ids=\"\" data-page-limit=\"10\"><div class=\"tablesome-border tablesome-border-solid tablesome-border-slate-200 tablesome-rounded-sm tablesome-p-4  tablesome-w-full tablesome-mx-auto tablesome-my-6\">\r\n                <div class=\"tablesome-animate-pulse tablesome-space-y-4\">\r\n                    <div class=\"tablesome-flex tablesome-gap-4 tablesome-justify-end\" >\r\n                        <div class=\"tablesome-h-7 tablesome-w-40 tablesome-bg-slate-200 tablesome-rounded tablesome-col-span-1\"><\/div>\r\n                        <div class=\"tablesome-h-7 tablesome-w-20 tablesome-bg-slate-200 tablesome-rounded tablesome-col-span-2\"><\/div>\r\n                    <\/div>\r\n                    <div class=\"tablesome-h-7 tablesome-bg-slate-200 tablesome-rounded tablesome-col-span-1\"><\/div>\r\n\r\n                    <div class=\"tablesome-grid tablesome-grid-cols-4 tablesome-gap-4\">\r\n                    <div class=\"tablesome-h-6 tablesome-bg-slate-200 tablesome-rounded tablesome-col-span-1\"><\/div>\r\n                    <div class=\"tablesome-h-6 tablesome-bg-slate-200 tablesome-rounded tablesome-col-span-1\"><\/div>\r\n                    <div class=\"tablesome-h-6 tablesome-bg-slate-200 tablesome-rounded tablesome-col-span-1\"><\/div>\r\n                    <div class=\"tablesome-h-6 tablesome-bg-slate-200 tablesome-rounded tablesome-col-span-1\"><\/div>\r\n                    <\/div>\r\n\r\n                    <div class=\"tablesome-grid tablesome-grid-cols-4 tablesome-gap-4\">\r\n                    <div class=\"tablesome-h-6 tablesome-bg-slate-200 tablesome-rounded tablesome-col-span-1\"><\/div>\r\n                    <div class=\"tablesome-h-6 tablesome-bg-slate-200 tablesome-rounded tablesome-col-span-1\"><\/div>\r\n                    <div class=\"tablesome-h-6 tablesome-bg-slate-200 tablesome-rounded tablesome-col-span-1\"><\/div>\r\n                    <div class=\"tablesome-h-6 tablesome-bg-slate-200 tablesome-rounded tablesome-col-span-1\"><\/div>\r\n                    <\/div>\r\n\r\n                    <div class=\"tablesome-grid tablesome-grid-cols-4 tablesome-gap-4\">\r\n                    <div class=\"tablesome-h-6 tablesome-bg-slate-200 tablesome-rounded tablesome-col-span-1\"><\/div>\r\n                    <div class=\"tablesome-h-6 tablesome-bg-slate-200 tablesome-rounded tablesome-col-span-1\"><\/div>\r\n                    <div class=\"tablesome-h-6 tablesome-bg-slate-200 tablesome-rounded tablesome-col-span-1\"><\/div>\r\n                    <div class=\"tablesome-h-6 tablesome-bg-slate-200 tablesome-rounded tablesome-col-span-1\"><\/div>\r\n                    <\/div>\r\n\r\n                    <div class=\"tablesome-flex tablesome-gap-4 tablesome-max-w-sm tablesome-mx-auto tablesome-justify-center\">\r\n                    <div class=\"tablesome-h-5 tablesome-w-5 tablesome-bg-slate-200 tablesome-rounded tablesome-col-span-1\"><\/div>\r\n                    <div class=\"tablesome-h-5 tablesome-w-5 tablesome-bg-slate-200 tablesome-rounded tablesome-col-span-1\"><\/div>\r\n                    <div class=\"tablesome-h-5 tablesome-w-5 tablesome-bg-slate-200 tablesome-rounded tablesome-col-span-1\"><\/div>\r\n                    <div class=\"tablesome-h-5 tablesome-w-5 tablesome-bg-slate-200 tablesome-rounded tablesome-col-span-1\"><\/div>\r\n                    <div class=\"tablesome-h-5 tablesome-w-5 tablesome-bg-slate-200 tablesome-rounded tablesome-col-span-1\"><\/div>\r\n                    <div class=\"tablesome-h-5 tablesome-w-5 tablesome-bg-slate-200 tablesome-rounded tablesome-col-span-1\"><\/div>\r\n                    <\/div>\r\n                <\/div>\r\n            <\/div><\/div><\/div>\n\t\t\t\t\t\t<\/div>\n\t\t\t\t\t<\/div>\n\t\t\t\t<\/div>\n\t\t\t\t<\/div>\n\t\t","protected":false},"excerpt":{"rendered":"<p>Bisheriger Plot Geh zu &#8220;Plot&#8221; bei &#8220;Infos zur Kampagne&#8221; &amp; lies, was bisher in der Kampagne passiert ist. Versuch dich daran zu erinnern, wen du bereits alles kennengelernt hast, wo du warst, welche speziellen Gegenst\u00e4nde du erhalten hast, was du gemacht hast etc. Evtl. notierst du f\u00fcr dich wichtig erscheinende Informationen, damit du diese in [&hellip;]<\/p>\n","protected":false},"author":3,"featured_media":0,"parent":0,"menu_order":0,"comment_status":"closed","ping_status":"closed","template":"","meta":{"footnotes":""},"class_list":["post-335","page","type-page","status-publish","hentry"],"_links":{"self":[{"href":"https:\/\/taverne-usghenkt.ddns.net\/index.php\/wp-json\/wp\/v2\/pages\/335","targetHints":{"allow":["GET"]}}],"collection":[{"href":"https:\/\/taverne-usghenkt.ddns.net\/index.php\/wp-json\/wp\/v2\/pages"}],"about":[{"href":"https:\/\/taverne-usghenkt.ddns.net\/index.php\/wp-json\/wp\/v2\/types\/page"}],"author":[{"embeddable":true,"href":"https:\/\/taverne-usghenkt.ddns.net\/index.php\/wp-json\/wp\/v2\/users\/3"}],"replies":[{"embeddable":true,"href":"https:\/\/taverne-usghenkt.ddns.net\/index.php\/wp-json\/wp\/v2\/comments?post=335"}],"version-history":[{"count":43,"href":"https:\/\/taverne-usghenkt.ddns.net\/index.php\/wp-json\/wp\/v2\/pages\/335\/revisions"}],"predecessor-version":[{"id":862,"href":"https:\/\/taverne-usghenkt.ddns.net\/index.php\/wp-json\/wp\/v2\/pages\/335\/revisions\/862"}],"wp:attachment":[{"href":"https:\/\/taverne-usghenkt.ddns.net\/index.php\/wp-json\/wp\/v2\/media?parent=335"}],"curies":[{"name":"wp","href":"https:\/\/api.w.org\/{rel}","templated":true}]}}