{"id":488,"date":"2025-07-27T19:14:27","date_gmt":"2025-07-27T19:14:27","guid":{"rendered":"https:\/\/taverne-usghenkt.ddns.net\/?page_id=488"},"modified":"2025-07-28T09:12:22","modified_gmt":"2025-07-28T09:12:22","slug":"das-brauchst-du","status":"publish","type":"page","link":"https:\/\/taverne-usghenkt.ddns.net\/index.php\/das-brauchst-du\/","title":{"rendered":"Das brauchst du"},"content":{"rendered":"\t\t<div data-elementor-type=\"wp-post\" data-elementor-id=\"488\" class=\"elementor elementor-488\">\n\t\t\t\t<div class=\"elementor-element elementor-element-369e8fd e-flex e-con-boxed e-con e-parent\" data-id=\"369e8fd\" data-element_type=\"container\" data-e-type=\"container\">\n\t\t\t\t\t<div class=\"e-con-inner\">\n\t\t\t\t<div class=\"elementor-element elementor-element-c92eb44 elementor-widget elementor-widget-image\" data-id=\"c92eb44\" data-element_type=\"widget\" data-e-type=\"widget\" data-widget_type=\"image.default\">\n\t\t\t\t\t\t\t\t\t\t\t\t\t\t\t<img fetchpriority=\"high\" decoding=\"async\" width=\"1024\" height=\"576\" src=\"https:\/\/taverne-usghenkt.ddns.net\/wp-content\/uploads\/2025\/07\/dnd-accessories-promo-1024x576.webp\" class=\"attachment-large size-large wp-image-519\" alt=\"\" srcset=\"https:\/\/taverne-usghenkt.ddns.net\/wp-content\/uploads\/2025\/07\/dnd-accessories-promo-1024x576.webp 1024w, https:\/\/taverne-usghenkt.ddns.net\/wp-content\/uploads\/2025\/07\/dnd-accessories-promo-300x169.webp 300w, https:\/\/taverne-usghenkt.ddns.net\/wp-content\/uploads\/2025\/07\/dnd-accessories-promo-768x432.webp 768w, https:\/\/taverne-usghenkt.ddns.net\/wp-content\/uploads\/2025\/07\/dnd-accessories-promo.webp 1200w\" sizes=\"(max-width: 1024px) 100vw, 1024px\" \/>\t\t\t\t\t\t\t\t\t\t\t\t\t\t\t<\/div>\n\t\t\t\t<div class=\"elementor-element elementor-element-54fe9cb elementor-widget elementor-widget-spacer\" data-id=\"54fe9cb\" data-element_type=\"widget\" data-e-type=\"widget\" data-widget_type=\"spacer.default\">\n\t\t\t\t\t\t\t<div class=\"elementor-spacer\">\n\t\t\t<div class=\"elementor-spacer-inner\"><\/div>\n\t\t<\/div>\n\t\t\t\t\t\t<\/div>\n\t\t\t\t<div class=\"elementor-element elementor-element-205b6aa elementor-widget elementor-widget-heading\" data-id=\"205b6aa\" data-element_type=\"widget\" data-e-type=\"widget\" data-widget_type=\"heading.default\">\n\t\t\t\t\t<h2 class=\"elementor-heading-title elementor-size-default\">W\u00fcrfelset<\/h2>\t\t\t\t<\/div>\n\t\t\t\t<div class=\"elementor-element elementor-element-f9f0ba4 elementor-widget elementor-widget-text-editor\" data-id=\"f9f0ba4\" data-element_type=\"widget\" data-e-type=\"widget\" data-widget_type=\"text-editor.default\">\n\t\t\t\t\t\t\t\t\t<p data-pm-slice=\"1 3 []\">Kaufe oder leih dir ein W\u00fcrfelset bestehend aus den folgenden 6 W\u00fcrfeln:<\/p><ul><li><p>1 w4 W\u00fcrfel<\/p><\/li><li><p>1 w6 W\u00fcrfel<\/p><\/li><li><p>1 w8 W\u00fcrfel<\/p><\/li><li><p>1 w10 W\u00fcrfel<\/p><\/li><li><p>1 w12 W\u00fcrfel<\/p><\/li><li><p>1 w20 W\u00fcrfel<\/p><\/li><\/ul><p><br \/>M\u00f6gliche Onlineshops:<\/p><ul><li><p><a href=\"https:\/\/worldofdice.de\/\" target=\"_blank\" rel=\"noopener noreferrer nofollow\">World of Dice<\/a><\/p><\/li><li><p><a href=\"https:\/\/www.etsy.com\/ch\/\" target=\"_blank\" rel=\"noopener noreferrer nofollow\">Etsy<\/a><\/p><\/li><li><p><a href=\"https:\/\/www.amazon.de\/-\/en\/ref=nav_logo\" target=\"_blank\" rel=\"noopener noreferrer nofollow\">Amazon<\/a><\/p><\/li><\/ul>\t\t\t\t\t\t\t\t<\/div>\n\t\t\t\t\t<\/div>\n\t\t\t\t<\/div>\n\t\t<div class=\"elementor-element elementor-element-73da5f9 e-flex e-con-boxed e-con e-parent\" data-id=\"73da5f9\" data-element_type=\"container\" data-e-type=\"container\">\n\t\t\t\t\t<div class=\"e-con-inner\">\n\t\t\t\t<div class=\"elementor-element elementor-element-755b124 elementor-widget elementor-widget-spacer\" data-id=\"755b124\" data-element_type=\"widget\" data-e-type=\"widget\" data-widget_type=\"spacer.default\">\n\t\t\t\t\t\t\t<div class=\"elementor-spacer\">\n\t\t\t<div class=\"elementor-spacer-inner\"><\/div>\n\t\t<\/div>\n\t\t\t\t\t\t<\/div>\n\t\t\t\t\t<\/div>\n\t\t\t\t<\/div>\n\t\t<div class=\"elementor-element elementor-element-3406cce e-flex e-con-boxed e-con e-parent\" data-id=\"3406cce\" data-element_type=\"container\" data-e-type=\"container\">\n\t\t\t\t\t<div class=\"e-con-inner\">\n\t\t\t\t<div class=\"elementor-element elementor-element-e9da61d elementor-widget elementor-widget-heading\" data-id=\"e9da61d\" data-element_type=\"widget\" data-e-type=\"widget\" data-widget_type=\"heading.default\">\n\t\t\t\t\t<h2 class=\"elementor-heading-title elementor-size-default\">D&amp;D Beyond<\/h2>\t\t\t\t<\/div>\n\t\t\t\t\t<\/div>\n\t\t\t\t<\/div>\n\t\t<div class=\"elementor-element elementor-element-2f851af e-flex e-con-boxed e-con e-parent\" data-id=\"2f851af\" data-element_type=\"container\" data-e-type=\"container\">\n\t\t\t\t\t<div class=\"e-con-inner\">\n\t\t\t\t<div class=\"elementor-element elementor-element-63f7343 elementor-widget elementor-widget-text-editor\" data-id=\"63f7343\" data-element_type=\"widget\" data-e-type=\"widget\" data-widget_type=\"text-editor.default\">\n\t\t\t\t\t\t\t\t\t<p data-pm-slice=\"1 3 []\">Je nachdem, welches Ger\u00e4t du f\u00fcr das Spiel benutzen wirst, gibt es folgende 2 M\u00f6glichkeiten:<\/p><p>Smartphone:<\/p><ul><li><p>Lade dir die App &#8220;D&amp;D Beyond&#8221; im App Store herunter.<\/p><\/li><\/ul><p>Laptop\/Tablet:<\/p><ul><li><p>Melde dich im Server auf der Seite <a href=\"https:\/\/www.dndbeyond.com\/\">www.dndbeyond.com<\/a> an und speichere sie z.B. auf der Taskleiste.<\/p><\/li><\/ul>\t\t\t\t\t\t\t\t<\/div>\n\t\t\t\t\t<\/div>\n\t\t\t\t<\/div>\n\t\t<div class=\"elementor-element elementor-element-679404b e-flex e-con-boxed e-con e-parent\" data-id=\"679404b\" data-element_type=\"container\" data-e-type=\"container\">\n\t\t\t\t\t<div class=\"e-con-inner\">\n\t\t\t\t<div class=\"elementor-element elementor-element-4d3e242 elementor-widget elementor-widget-spacer\" data-id=\"4d3e242\" data-element_type=\"widget\" data-e-type=\"widget\" data-widget_type=\"spacer.default\">\n\t\t\t\t\t\t\t<div class=\"elementor-spacer\">\n\t\t\t<div class=\"elementor-spacer-inner\"><\/div>\n\t\t<\/div>\n\t\t\t\t\t\t<\/div>\n\t\t\t\t\t<\/div>\n\t\t\t\t<\/div>\n\t\t<div class=\"elementor-element elementor-element-39ec91a e-flex e-con-boxed e-con e-parent\" data-id=\"39ec91a\" data-element_type=\"container\" data-e-type=\"container\">\n\t\t\t\t\t<div class=\"e-con-inner\">\n\t\t\t\t<div class=\"elementor-element elementor-element-9bbbae0 elementor-widget elementor-widget-heading\" data-id=\"9bbbae0\" data-element_type=\"widget\" data-e-type=\"widget\" data-widget_type=\"heading.default\">\n\t\t\t\t\t<h2 class=\"elementor-heading-title elementor-size-default\">Freiwillig: HeroForge<\/h2>\t\t\t\t<\/div>\n\t\t\t\t\t<\/div>\n\t\t\t\t<\/div>\n\t\t<div class=\"elementor-element elementor-element-7960140 e-flex e-con-boxed e-con e-parent\" data-id=\"7960140\" data-element_type=\"container\" data-e-type=\"container\">\n\t\t\t\t\t<div class=\"e-con-inner\">\n\t\t\t\t<div class=\"elementor-element elementor-element-2f947bf elementor-widget elementor-widget-text-editor\" data-id=\"2f947bf\" data-element_type=\"widget\" data-e-type=\"widget\" data-widget_type=\"text-editor.default\">\n\t\t\t\t\t\t\t\t\t<p data-pm-slice=\"1 1 []\">Wenn du Lust hast, kannst du, nachdem wir deinen Charakter erstellt haben, auf HeroForge deinen Charakter als Figur darstellen. So k\u00f6nntest du ihn w\u00e4hrend des Spiels am Smartphone\/Laptop zeigen, damit sich die anderen besser vorstellen k\u00f6nnen, wie er aussieht. Als Figur kaufen musst du sie nicht!<\/p><p data-pm-slice=\"1 1 []\">Hier geht&#8217;s zur Webseite: <a href=\"https:\/\/www.heroforge.com\/?srsltid=AfmBOor3X_w7MkB21N1PJF0pNQ5z0J_sCU9EEvWrkp2lM0VFuaAy7X-l\">HeroForge<\/a><\/p>\t\t\t\t\t\t\t\t<\/div>\n\t\t\t\t\t<\/div>\n\t\t\t\t<\/div>\n\t\t\t\t<\/div>\n\t\t","protected":false},"excerpt":{"rendered":"<p>W\u00fcrfelset Kaufe oder leih dir ein W\u00fcrfelset bestehend aus den folgenden 6 W\u00fcrfeln: 1 w4 W\u00fcrfel 1 w6 W\u00fcrfel 1 w8 W\u00fcrfel 1 w10 W\u00fcrfel 1 w12 W\u00fcrfel 1 w20 W\u00fcrfel M\u00f6gliche Onlineshops: World of Dice Etsy Amazon D&amp;D Beyond Je nachdem, welches Ger\u00e4t du f\u00fcr das Spiel benutzen wirst, gibt es folgende 2 M\u00f6glichkeiten: [&hellip;]<\/p>\n","protected":false},"author":3,"featured_media":0,"parent":0,"menu_order":0,"comment_status":"closed","ping_status":"closed","template":"","meta":{"footnotes":""},"class_list":["post-488","page","type-page","status-publish","hentry"],"_links":{"self":[{"href":"https:\/\/taverne-usghenkt.ddns.net\/index.php\/wp-json\/wp\/v2\/pages\/488","targetHints":{"allow":["GET"]}}],"collection":[{"href":"https:\/\/taverne-usghenkt.ddns.net\/index.php\/wp-json\/wp\/v2\/pages"}],"about":[{"href":"https:\/\/taverne-usghenkt.ddns.net\/index.php\/wp-json\/wp\/v2\/types\/page"}],"author":[{"embeddable":true,"href":"https:\/\/taverne-usghenkt.ddns.net\/index.php\/wp-json\/wp\/v2\/users\/3"}],"replies":[{"embeddable":true,"href":"https:\/\/taverne-usghenkt.ddns.net\/index.php\/wp-json\/wp\/v2\/comments?post=488"}],"version-history":[{"count":31,"href":"https:\/\/taverne-usghenkt.ddns.net\/index.php\/wp-json\/wp\/v2\/pages\/488\/revisions"}],"predecessor-version":[{"id":634,"href":"https:\/\/taverne-usghenkt.ddns.net\/index.php\/wp-json\/wp\/v2\/pages\/488\/revisions\/634"}],"wp:attachment":[{"href":"https:\/\/taverne-usghenkt.ddns.net\/index.php\/wp-json\/wp\/v2\/media?parent=488"}],"curies":[{"name":"wp","href":"https:\/\/api.w.org\/{rel}","templated":true}]}}