{"id":752,"date":"2025-08-28T19:27:47","date_gmt":"2025-08-28T19:27:47","guid":{"rendered":"https:\/\/taverne-usghenkt.ddns.net\/?page_id=752"},"modified":"2025-09-04T19:18:15","modified_gmt":"2025-09-04T19:18:15","slug":"session-2","status":"publish","type":"page","link":"https:\/\/taverne-usghenkt.ddns.net\/index.php\/session-2\/","title":{"rendered":"Session 2"},"content":{"rendered":"\t\t<div data-elementor-type=\"wp-post\" data-elementor-id=\"752\" class=\"elementor elementor-752\">\n\t\t\t\t<div class=\"elementor-element elementor-element-e8d1c81 e-flex e-con-boxed e-con e-parent\" data-id=\"e8d1c81\" data-element_type=\"container\" data-e-type=\"container\">\n\t\t\t\t\t<div class=\"e-con-inner\">\n\t\t\t\t<div class=\"elementor-element elementor-element-6fca64c elementor-widget elementor-widget-text-editor\" data-id=\"6fca64c\" data-element_type=\"widget\" data-e-type=\"widget\" data-widget_type=\"text-editor.default\">\n\t\t\t\t\t\t\t\t\t<p>Unsere Geschichte geht weiter an dem Abend, an welchem die Abenteuerer in der &#8220;Taverne zur Samtpfote&#8221; auf ihre gegl\u00fcckte Mission anstossen. Sie sitzen mit Rurik Eisenbart an ihrem Stammtisch, als eine Bardin zu ihnen an den Tisch kommt, welche Rurik zu kennen scheint. Sie entpuppt sich als Billja Sturmklang, eine Bardin, die, wie Rurik, auch aus Trost stammt.<\/p><p>Als sie miteinander reden, kommt ein nach \u00c4rger aussehender Mann an ihren Tisch. Er stellt sich als Varrin vor &amp; spielt mit einigen der Abenteurern das W\u00fcrfelspiel &#8220;Halblingsgl\u00fcck&#8221;.<\/p>\t\t\t\t\t\t\t\t<\/div>\n\t\t\t\t\t<\/div>\n\t\t\t\t<\/div>\n\t\t<div class=\"elementor-element elementor-element-3d623ab e-flex e-con-boxed e-con e-parent\" data-id=\"3d623ab\" data-element_type=\"container\" data-e-type=\"container\">\n\t\t\t\t\t<div class=\"e-con-inner\">\n\t\t\t\t<div class=\"elementor-element elementor-element-f8fc999 elementor-widget elementor-widget-image\" data-id=\"f8fc999\" data-element_type=\"widget\" data-e-type=\"widget\" data-widget_type=\"image.default\">\n\t\t\t\t\t\t\t\t\t\t\t\t\t\t\t<img fetchpriority=\"high\" decoding=\"async\" width=\"1024\" height=\"574\" src=\"https:\/\/taverne-usghenkt.ddns.net\/wp-content\/uploads\/2025\/08\/Varrin-Goldzunge-1024x574.png\" class=\"attachment-large size-large wp-image-754\" alt=\"\" srcset=\"https:\/\/taverne-usghenkt.ddns.net\/wp-content\/uploads\/2025\/08\/Varrin-Goldzunge-1024x574.png 1024w, https:\/\/taverne-usghenkt.ddns.net\/wp-content\/uploads\/2025\/08\/Varrin-Goldzunge-300x168.png 300w, https:\/\/taverne-usghenkt.ddns.net\/wp-content\/uploads\/2025\/08\/Varrin-Goldzunge-768x430.png 768w, https:\/\/taverne-usghenkt.ddns.net\/wp-content\/uploads\/2025\/08\/Varrin-Goldzunge.png 1456w\" sizes=\"(max-width: 1024px) 100vw, 1024px\" \/>\t\t\t\t\t\t\t\t\t\t\t\t\t\t\t<\/div>\n\t\t\t\t\t<\/div>\n\t\t\t\t<\/div>\n\t\t<div class=\"elementor-element elementor-element-6dee128 e-flex e-con-boxed e-con e-parent\" data-id=\"6dee128\" data-element_type=\"container\" data-e-type=\"container\">\n\t\t\t\t\t<div class=\"e-con-inner\">\n\t\t\t\t<div class=\"elementor-element elementor-element-04332fe elementor-widget elementor-widget-text-editor\" data-id=\"04332fe\" data-element_type=\"widget\" data-e-type=\"widget\" data-widget_type=\"text-editor.default\">\n\t\t\t\t\t\t\t\t\t<p>Es stellt sich heraus, dass er beim Spiel mogelt und als er darauf angesprochen wird, wird er w\u00fctend und beginnt, sich mit den Abenteurern zu pr\u00fcgeln. Dabei kommen seine Kompanen dazu &amp; einer von ihnen, Gabriel, wird ohnm\u00e4chtig gepr\u00fcgelt. Daraufhin verschwinden sie, nachdem er ge\u00e4ussert hat, dass er von nun an seine Abende in der &#8220;Taverne zur spuckenden Seem\u00f6we&#8221; verbringen wird. Dort trifft er Gleichgesinnte, die, wie er, keine Fans von Fremdem oder ganz spezifisch von Goblins, sind.<\/p><p>Als die Abenteurer zu Bett gehen, versorgt Billja ihre Konzertutensilien vor dem Hinterausgang der Taverne. Dort beobachtet sie, wie Purrlo mit einem Goblin ein friedliches Gespr\u00e4ch f\u00fchrt &amp; wie der Goblin daraufhin in das Geb\u00e4ude neben der Taverne verschwindet.<\/p><p>Am n\u00e4chsten Morgen berichtet sie davon &amp; die Abenteurer gehen zu diesem Geb\u00e4ude, nachdem Feys Eule es ausgekundschaftet hat. Sie befinden sich vor der &#8220;Reparaturwerkstatt Flicken statt Verrotten&#8221;.<\/p>\t\t\t\t\t\t\t\t<\/div>\n\t\t\t\t\t<\/div>\n\t\t\t\t<\/div>\n\t\t<div class=\"elementor-element elementor-element-7213152 e-flex e-con-boxed e-con e-parent\" data-id=\"7213152\" data-element_type=\"container\" data-e-type=\"container\">\n\t\t\t\t\t<div class=\"e-con-inner\">\n\t\t\t\t<div class=\"elementor-element elementor-element-cac6a2b elementor-widget elementor-widget-image\" data-id=\"cac6a2b\" data-element_type=\"widget\" data-e-type=\"widget\" data-widget_type=\"image.default\">\n\t\t\t\t\t\t\t\t\t\t\t\t\t\t\t<img decoding=\"async\" width=\"1024\" height=\"574\" src=\"https:\/\/taverne-usghenkt.ddns.net\/wp-content\/uploads\/2025\/08\/Reparaturwerkstatt-Flicken-statt-Verroten-von-aussen-1024x574.png\" class=\"attachment-large size-large wp-image-755\" alt=\"\" srcset=\"https:\/\/taverne-usghenkt.ddns.net\/wp-content\/uploads\/2025\/08\/Reparaturwerkstatt-Flicken-statt-Verroten-von-aussen-1024x574.png 1024w, https:\/\/taverne-usghenkt.ddns.net\/wp-content\/uploads\/2025\/08\/Reparaturwerkstatt-Flicken-statt-Verroten-von-aussen-300x168.png 300w, https:\/\/taverne-usghenkt.ddns.net\/wp-content\/uploads\/2025\/08\/Reparaturwerkstatt-Flicken-statt-Verroten-von-aussen-768x430.png 768w, https:\/\/taverne-usghenkt.ddns.net\/wp-content\/uploads\/2025\/08\/Reparaturwerkstatt-Flicken-statt-Verroten-von-aussen.png 1456w\" sizes=\"(max-width: 1024px) 100vw, 1024px\" \/>\t\t\t\t\t\t\t\t\t\t\t\t\t\t\t<\/div>\n\t\t\t\t\t<\/div>\n\t\t\t\t<\/div>\n\t\t<div class=\"elementor-element elementor-element-3814c6b e-flex e-con-boxed e-con e-parent\" data-id=\"3814c6b\" data-element_type=\"container\" data-e-type=\"container\">\n\t\t\t\t\t<div class=\"e-con-inner\">\n\t\t\t\t<div class=\"elementor-element elementor-element-fe8ae10 elementor-widget elementor-widget-text-editor\" data-id=\"fe8ae10\" data-element_type=\"widget\" data-e-type=\"widget\" data-widget_type=\"text-editor.default\">\n\t\t\t\t\t\t\t\t\t<p>Sie sprechen einen Goblin namens Berte an, der ihnen verr\u00e4t, dass sie dank Purrlo &amp; der B\u00fcrgermeistern Hedda von Haldenfels eine 2. Chance erhalten haben, um ein neues Leben aufzubauen. Leider gebe es immer wieder Leute, die sie hier nicht haben wollen. Sie h\u00e4tten am Tag zuvor einen Drohbrief erhalten, in dem stand, dass sie sich verziehen sollen. Im Couvert hatte es Giftstaub des Giftes &#8220;Der schwarze Tod&#8221;, welches einen Goblin (Orvist) vergiftet hat, woraufhin er in ein Koma gefallen ist. Die Abenteurer vermuten, dass dies das Werk von Varrin und seinen M\u00e4nnern gewesen sein k\u00f6nnte &amp; versprechen, nach einem Gegengift zu suchen.<\/p><p>Sie teilen sich auf und besuchen verschiedene Etablissements der Stadt.<br \/>Alle ausser Corvax gehen nochmals schnell zu Purrlo zur\u00fcck, welcher ihnen eine Stadtkarten von Shiganshina gibt.<\/p>\t\t\t\t\t\t\t\t<\/div>\n\t\t\t\t<div class=\"elementor-element elementor-element-afd149d elementor-widget elementor-widget-image\" data-id=\"afd149d\" data-element_type=\"widget\" data-e-type=\"widget\" data-widget_type=\"image.default\">\n\t\t\t\t\t\t\t\t\t\t\t\t\t\t\t<img decoding=\"async\" width=\"1024\" height=\"766\" src=\"https:\/\/taverne-usghenkt.ddns.net\/wp-content\/uploads\/2025\/09\/Stadtkarte_Shiganshina-1024x766.png\" class=\"attachment-large size-large wp-image-804\" alt=\"\" srcset=\"https:\/\/taverne-usghenkt.ddns.net\/wp-content\/uploads\/2025\/09\/Stadtkarte_Shiganshina-1024x766.png 1024w, https:\/\/taverne-usghenkt.ddns.net\/wp-content\/uploads\/2025\/09\/Stadtkarte_Shiganshina-300x225.png 300w, https:\/\/taverne-usghenkt.ddns.net\/wp-content\/uploads\/2025\/09\/Stadtkarte_Shiganshina-768x575.png 768w, https:\/\/taverne-usghenkt.ddns.net\/wp-content\/uploads\/2025\/09\/Stadtkarte_Shiganshina.png 1352w\" sizes=\"(max-width: 1024px) 100vw, 1024px\" \/>\t\t\t\t\t\t\t\t\t\t\t\t\t\t\t<\/div>\n\t\t\t\t<div class=\"elementor-element elementor-element-7ad82a2 elementor-widget elementor-widget-text-editor\" data-id=\"7ad82a2\" data-element_type=\"widget\" data-e-type=\"widget\" data-widget_type=\"text-editor.default\">\n\t\t\t\t\t\t\t\t\t<p>Corvax ist zum Marktplatz gegangen, wo er vergebens nach der Wahrsagerin Zyretha Traumweberin sucht. Er trifft jedoch eine Frau an einem T\u00fccherstand, die ihren Stand mit einem magischen Besen geputzt hat, der von selber fegt.<\/p><p>In dieser Zeit sind Fey und Veraya auf den grossen Platz. Fey ging in den B\u00fccherladen zum alten Grimoire, wo sie beim Verk\u00e4ufer Thalivor Archivon vergeblich nach Infos zum Gift\/Gegengift gefragt hat. Er hat jedoch gesagt, dass es bei der Taverne zur spuckenden Seem\u00f6we immer wieder zu Streits und Auseinandersetzungen kommt, was die Anwohner st\u00f6rt.<br \/>Veraya war im Tempel der Sternenseher, wo sie einen M\u00f6nch darum gebeten hat, den vergifteten Goblin in seine Gebete aufzunehmen und wo sie eine Spende get\u00e4tigt hat. Auch der M\u00f6nch hat nur negativ von der Taverne berichtet.<\/p><p>In der Zwischenzeit waren Heikas und Billja im Rathaus, wo sie nach der B\u00fcrgermeistern Hedda von Haldenfels gesucht haben. Da sie nicht dort war und die Frau am Tresen gesagt hat, dass sie ihnen Bescheid geben werde, wenn sie Zeit hat, haben sie ihren Wohnsitz in der Taverne zur Samtpfote zusammen mit einem gefakten Namen angegeben. Die Frau hat ihnen noch den Rat gegeben, bei der Stadtwache um Hilfe zu bitten, oder beim Zaubertrankladen &#8220;Die alte Eichenflasche&#8221; vorbei zu schauen, wo sie dann auch hin gingen.<\/p>\t\t\t\t\t\t\t\t<\/div>\n\t\t\t\t\t<\/div>\n\t\t\t\t<\/div>\n\t\t<div class=\"elementor-element elementor-element-8ed0d3b e-flex e-con-boxed e-con e-parent\" data-id=\"8ed0d3b\" data-element_type=\"container\" data-e-type=\"container\">\n\t\t\t\t\t<div class=\"e-con-inner\">\n\t\t\t\t<div class=\"elementor-element elementor-element-3345b87 elementor-widget elementor-widget-image\" data-id=\"3345b87\" data-element_type=\"widget\" data-e-type=\"widget\" data-widget_type=\"image.default\">\n\t\t\t\t\t\t\t\t\t\t\t\t\t\t\t<img loading=\"lazy\" decoding=\"async\" width=\"1024\" height=\"574\" src=\"https:\/\/taverne-usghenkt.ddns.net\/wp-content\/uploads\/2025\/09\/Zaubertrankladen-Die-alte-Eichenflsche-1024x574.png\" class=\"attachment-large size-large wp-image-780\" alt=\"\" srcset=\"https:\/\/taverne-usghenkt.ddns.net\/wp-content\/uploads\/2025\/09\/Zaubertrankladen-Die-alte-Eichenflsche-1024x574.png 1024w, https:\/\/taverne-usghenkt.ddns.net\/wp-content\/uploads\/2025\/09\/Zaubertrankladen-Die-alte-Eichenflsche-300x168.png 300w, https:\/\/taverne-usghenkt.ddns.net\/wp-content\/uploads\/2025\/09\/Zaubertrankladen-Die-alte-Eichenflsche-768x430.png 768w, https:\/\/taverne-usghenkt.ddns.net\/wp-content\/uploads\/2025\/09\/Zaubertrankladen-Die-alte-Eichenflsche.png 1456w\" sizes=\"(max-width: 1024px) 100vw, 1024px\" \/>\t\t\t\t\t\t\t\t\t\t\t\t\t\t\t<\/div>\n\t\t\t\t\t<\/div>\n\t\t\t\t<\/div>\n\t\t<div class=\"elementor-element elementor-element-f66774d e-flex e-con-boxed e-con e-parent\" data-id=\"f66774d\" data-element_type=\"container\" data-e-type=\"container\">\n\t\t\t\t\t<div class=\"e-con-inner\">\n\t\t\t\t<div class=\"elementor-element elementor-element-6cb55a7 elementor-widget elementor-widget-text-editor\" data-id=\"6cb55a7\" data-element_type=\"widget\" data-e-type=\"widget\" data-widget_type=\"text-editor.default\">\n\t\t\t\t\t\t\t\t\t<p>Dort trafen sie auf die Ladenbesitzerin Elendra Myrr und ihren Otter-Familiar Archiebald.<\/p>\t\t\t\t\t\t\t\t<\/div>\n\t\t\t\t\t<\/div>\n\t\t\t\t<\/div>\n\t\t<div class=\"elementor-element elementor-element-1ce5574 e-flex e-con-boxed e-con e-parent\" data-id=\"1ce5574\" data-element_type=\"container\" data-e-type=\"container\">\n\t\t\t\t\t<div class=\"e-con-inner\">\n\t\t\t\t<div class=\"elementor-element elementor-element-4297b5d elementor-widget elementor-widget-image\" data-id=\"4297b5d\" data-element_type=\"widget\" data-e-type=\"widget\" data-widget_type=\"image.default\">\n\t\t\t\t\t\t\t\t\t\t\t\t\t\t\t<img loading=\"lazy\" decoding=\"async\" width=\"1024\" height=\"574\" src=\"https:\/\/taverne-usghenkt.ddns.net\/wp-content\/uploads\/2025\/09\/Elendra-Myrr-1024x574.png\" class=\"attachment-large size-large wp-image-781\" alt=\"\" srcset=\"https:\/\/taverne-usghenkt.ddns.net\/wp-content\/uploads\/2025\/09\/Elendra-Myrr-1024x574.png 1024w, https:\/\/taverne-usghenkt.ddns.net\/wp-content\/uploads\/2025\/09\/Elendra-Myrr-300x168.png 300w, https:\/\/taverne-usghenkt.ddns.net\/wp-content\/uploads\/2025\/09\/Elendra-Myrr-768x430.png 768w, https:\/\/taverne-usghenkt.ddns.net\/wp-content\/uploads\/2025\/09\/Elendra-Myrr.png 1456w\" sizes=\"(max-width: 1024px) 100vw, 1024px\" \/>\t\t\t\t\t\t\t\t\t\t\t\t\t\t\t<\/div>\n\t\t\t\t\t<\/div>\n\t\t\t\t<\/div>\n\t\t<div class=\"elementor-element elementor-element-a1a27d8 e-flex e-con-boxed e-con e-parent\" data-id=\"a1a27d8\" data-element_type=\"container\" data-e-type=\"container\">\n\t\t\t\t\t<div class=\"e-con-inner\">\n\t\t\t\t<div class=\"elementor-element elementor-element-4e52bfe elementor-widget elementor-widget-text-editor\" data-id=\"4e52bfe\" data-element_type=\"widget\" data-e-type=\"widget\" data-widget_type=\"text-editor.default\">\n\t\t\t\t\t\t\t\t\t<p>Sie sagt ihnen, dass sie dieses Gift einer Stadtwache namens Connor Gaul verkauft hat, da man dieses Gift nur mit einem Schreiben erh\u00e4lt, welches die Stadtwache f\u00fcr die Bek\u00e4mpfung von Goblins ausserhalb der Stadtmauern, des \u00d6fteren vorweist. Die zwei Abenteurer vermuten jedoch, dass dies Varrin in Verkleidung gewesen sein k\u00f6nnte, da sie das Aussehen ihm entsprechend beschrieben hat, worauf hin die Verk\u00e4uferin einen Zusammenbruch aufgrund von Schuldgef\u00fchlen hatte. Sie konnte ihnen jedoch noch mitteilen, dass es sich um das Gift &#8220;Der schwarze Tod&#8221; handelt, f\u00fcr dessen Gegengift es das Nachtschattenkraut braucht, welches man nicht einfach so erh\u00e4lt. Infos dazu w\u00fcrden sie h\u00f6chst wahrscheinlich in der verbotenen Abteilung der Stadtbibliothek finden.\u00a0<br \/>Mit diesen Infos gingen sie zur\u00fcck zum grossen Platz, wo die anderen bereits auf sie warteten.<\/p><p>Sie tauschten ihre Infos aus und beschlossen, dass Heikas &amp; Fey in die Bibliothek gehen sollten.<\/p>\t\t\t\t\t\t\t\t<\/div>\n\t\t\t\t<div class=\"elementor-element elementor-element-32920a1 elementor-widget elementor-widget-image\" data-id=\"32920a1\" data-element_type=\"widget\" data-e-type=\"widget\" data-widget_type=\"image.default\">\n\t\t\t\t\t\t\t\t\t\t\t\t\t\t\t<img loading=\"lazy\" decoding=\"async\" width=\"1024\" height=\"771\" src=\"https:\/\/taverne-usghenkt.ddns.net\/wp-content\/uploads\/2025\/09\/Stadtbibliothek-von-aussen-1024x771.png\" class=\"attachment-large size-large wp-image-784\" alt=\"\" srcset=\"https:\/\/taverne-usghenkt.ddns.net\/wp-content\/uploads\/2025\/09\/Stadtbibliothek-von-aussen-1024x771.png 1024w, https:\/\/taverne-usghenkt.ddns.net\/wp-content\/uploads\/2025\/09\/Stadtbibliothek-von-aussen-300x226.png 300w, https:\/\/taverne-usghenkt.ddns.net\/wp-content\/uploads\/2025\/09\/Stadtbibliothek-von-aussen-768x578.png 768w, https:\/\/taverne-usghenkt.ddns.net\/wp-content\/uploads\/2025\/09\/Stadtbibliothek-von-aussen.png 1232w\" sizes=\"(max-width: 1024px) 100vw, 1024px\" \/>\t\t\t\t\t\t\t\t\t\t\t\t\t\t\t<\/div>\n\t\t\t\t<div class=\"elementor-element elementor-element-7c4beb5 elementor-widget elementor-widget-image\" data-id=\"7c4beb5\" data-element_type=\"widget\" data-e-type=\"widget\" data-widget_type=\"image.default\">\n\t\t\t\t\t\t\t\t\t\t\t\t\t\t\t<img loading=\"lazy\" decoding=\"async\" width=\"1024\" height=\"1024\" src=\"https:\/\/taverne-usghenkt.ddns.net\/wp-content\/uploads\/2025\/09\/Bibliotheksuniform.png\" class=\"attachment-large size-large wp-image-785\" alt=\"\" srcset=\"https:\/\/taverne-usghenkt.ddns.net\/wp-content\/uploads\/2025\/09\/Bibliotheksuniform.png 1024w, https:\/\/taverne-usghenkt.ddns.net\/wp-content\/uploads\/2025\/09\/Bibliotheksuniform-300x300.png 300w, https:\/\/taverne-usghenkt.ddns.net\/wp-content\/uploads\/2025\/09\/Bibliotheksuniform-150x150.png 150w, https:\/\/taverne-usghenkt.ddns.net\/wp-content\/uploads\/2025\/09\/Bibliotheksuniform-768x768.png 768w\" sizes=\"(max-width: 1024px) 100vw, 1024px\" \/>\t\t\t\t\t\t\t\t\t\t\t\t\t\t\t<\/div>\n\t\t\t\t<div class=\"elementor-element elementor-element-176e813 elementor-widget elementor-widget-text-editor\" data-id=\"176e813\" data-element_type=\"widget\" data-e-type=\"widget\" data-widget_type=\"text-editor.default\">\n\t\t\t\t\t\t\t\t\t<p>Nachdem sich Fey in eine riesige Spinne verwandelt hat, schaffte sie es, sich in die verbotene Abteilung zu schleichen, wo sie das entsprechende Buch mit dem Gegengift fand und Hedda von Haldenfels herumschleichen sah.<\/p>\t\t\t\t\t\t\t\t<\/div>\n\t\t\t\t\t<\/div>\n\t\t\t\t<\/div>\n\t\t<div class=\"elementor-element elementor-element-261a6f5 e-flex e-con-boxed e-con e-parent\" data-id=\"261a6f5\" data-element_type=\"container\" data-e-type=\"container\">\n\t\t\t\t\t<div class=\"e-con-inner\">\n\t\t\t\t<div class=\"elementor-element elementor-element-4c39368 elementor-widget elementor-widget-image\" data-id=\"4c39368\" data-element_type=\"widget\" data-e-type=\"widget\" data-widget_type=\"image.default\">\n\t\t\t\t\t\t\t\t\t\t\t\t\t\t\t<img loading=\"lazy\" decoding=\"async\" width=\"1024\" height=\"574\" src=\"https:\/\/taverne-usghenkt.ddns.net\/wp-content\/uploads\/2025\/09\/Hedda-Haldenfels-1024x574.png\" class=\"attachment-large size-large wp-image-782\" alt=\"\" srcset=\"https:\/\/taverne-usghenkt.ddns.net\/wp-content\/uploads\/2025\/09\/Hedda-Haldenfels-1024x574.png 1024w, https:\/\/taverne-usghenkt.ddns.net\/wp-content\/uploads\/2025\/09\/Hedda-Haldenfels-300x168.png 300w, https:\/\/taverne-usghenkt.ddns.net\/wp-content\/uploads\/2025\/09\/Hedda-Haldenfels-768x430.png 768w, https:\/\/taverne-usghenkt.ddns.net\/wp-content\/uploads\/2025\/09\/Hedda-Haldenfels.png 1456w\" sizes=\"(max-width: 1024px) 100vw, 1024px\" \/>\t\t\t\t\t\t\t\t\t\t\t\t\t\t\t<\/div>\n\t\t\t\t\t<\/div>\n\t\t\t\t<\/div>\n\t\t<div class=\"elementor-element elementor-element-0d00815 e-flex e-con-boxed e-con e-parent\" data-id=\"0d00815\" data-element_type=\"container\" data-e-type=\"container\">\n\t\t\t\t\t<div class=\"e-con-inner\">\n\t\t\t\t<div class=\"elementor-element elementor-element-b6136d5 elementor-widget elementor-widget-text-editor\" data-id=\"b6136d5\" data-element_type=\"widget\" data-e-type=\"widget\" data-widget_type=\"text-editor.default\">\n\t\t\t\t\t\t\t\t\t<p>Billja, Corvax &amp; Veraya gingen in dieser Zeit zum Krimskramsladen &#8220;Der kuriose Kessel&#8221;, wo sie beim Verk\u00e4ufter Bean (Gnom) folgendes kauften: eine Trompete, die Pfeile schiesst, einen Teekessel, der, 5 min. nachdem man Wasser eingef\u00fcllt hat, sehr viel Dampf produziert &amp; ein metallenes Halsband, welches eine Blase um den Kopf bildet, dank welcher man 30 min. unter Wasser atmen kann.<\/p><p>Im Anschluss gingen sie zum W\u00e4chterh\u00e4uschen, wo die dort anwesende Stadtwache meinte, dass es durchaus einen Connor Gaul gebe &amp; dass der nicht zu seiner Schicht erschienen sei.<\/p>\t\t\t\t\t\t\t\t<\/div>\n\t\t\t\t<div class=\"elementor-element elementor-element-fb7662a elementor-widget elementor-widget-image\" data-id=\"fb7662a\" data-element_type=\"widget\" data-e-type=\"widget\" data-widget_type=\"image.default\">\n\t\t\t\t\t\t\t\t\t\t\t\t\t\t\t<img loading=\"lazy\" decoding=\"async\" width=\"461\" height=\"1000\" src=\"https:\/\/taverne-usghenkt.ddns.net\/wp-content\/uploads\/2025\/09\/Stadtwache_Uniform.png\" class=\"attachment-large size-large wp-image-786\" alt=\"\" srcset=\"https:\/\/taverne-usghenkt.ddns.net\/wp-content\/uploads\/2025\/09\/Stadtwache_Uniform.png 461w, https:\/\/taverne-usghenkt.ddns.net\/wp-content\/uploads\/2025\/09\/Stadtwache_Uniform-138x300.png 138w\" sizes=\"(max-width: 461px) 100vw, 461px\" \/>\t\t\t\t\t\t\t\t\t\t\t\t\t\t\t<\/div>\n\t\t\t\t<div class=\"elementor-element elementor-element-dc55334 elementor-widget elementor-widget-text-editor\" data-id=\"dc55334\" data-element_type=\"widget\" data-e-type=\"widget\" data-widget_type=\"text-editor.default\">\n\t\t\t\t\t\t\t\t\t<p>Der von der Wache beschriebene Connor Gaul sei jedoch blond mit Schnauz.<\/p><p>Alle trafen sich erneut auf dem grossen Platz, wo Fey das R\u00e4tsel, welches zwischen der Seite im Buch zum Gegengift eingeklemmt war, vorlas. Sie fanden heraus, dass sie durch das Eindr\u00fccken bestimmter Steine des Brunnens in gewisser Reihenfolge eine \u00d6ffnung im Brunnensockel \u00f6ffnen konnten.<\/p>\t\t\t\t\t\t\t\t<\/div>\n\t\t\t\t\t<\/div>\n\t\t\t\t<\/div>\n\t\t<div class=\"elementor-element elementor-element-70e7f75 e-flex e-con-boxed e-con e-parent\" data-id=\"70e7f75\" data-element_type=\"container\" data-e-type=\"container\">\n\t\t\t\t\t<div class=\"e-con-inner\">\n\t\t\t\t<div class=\"elementor-element elementor-element-476ba8b elementor-widget elementor-widget-image\" data-id=\"476ba8b\" data-element_type=\"widget\" data-e-type=\"widget\" data-widget_type=\"image.default\">\n\t\t\t\t\t\t\t\t\t\t\t\t\t\t\t<img loading=\"lazy\" decoding=\"async\" width=\"1024\" height=\"573\" src=\"https:\/\/taverne-usghenkt.ddns.net\/wp-content\/uploads\/2025\/09\/Brunnen_grosser_Platz_Shiganshina-1024x573.png\" class=\"attachment-large size-large wp-image-783\" alt=\"\" srcset=\"https:\/\/taverne-usghenkt.ddns.net\/wp-content\/uploads\/2025\/09\/Brunnen_grosser_Platz_Shiganshina-1024x573.png 1024w, https:\/\/taverne-usghenkt.ddns.net\/wp-content\/uploads\/2025\/09\/Brunnen_grosser_Platz_Shiganshina-300x168.png 300w, https:\/\/taverne-usghenkt.ddns.net\/wp-content\/uploads\/2025\/09\/Brunnen_grosser_Platz_Shiganshina-768x430.png 768w, https:\/\/taverne-usghenkt.ddns.net\/wp-content\/uploads\/2025\/09\/Brunnen_grosser_Platz_Shiganshina-1536x859.png 1536w, https:\/\/taverne-usghenkt.ddns.net\/wp-content\/uploads\/2025\/09\/Brunnen_grosser_Platz_Shiganshina.png 1811w\" sizes=\"(max-width: 1024px) 100vw, 1024px\" \/>\t\t\t\t\t\t\t\t\t\t\t\t\t\t\t<\/div>\n\t\t\t\t\t<\/div>\n\t\t\t\t<\/div>\n\t\t<div class=\"elementor-element elementor-element-62c7ebb e-flex e-con-boxed e-con e-parent\" data-id=\"62c7ebb\" data-element_type=\"container\" data-e-type=\"container\">\n\t\t\t\t\t<div class=\"e-con-inner\">\n\t\t\t\t<div class=\"elementor-element elementor-element-f1850eb elementor-widget elementor-widget-text-editor\" data-id=\"f1850eb\" data-element_type=\"widget\" data-e-type=\"widget\" data-widget_type=\"text-editor.default\">\n\t\t\t\t\t\t\t\t\t<p>Sie steigen eine Treppe in einen Schacht hinunter, der sich zu einem H\u00f6hlensystem \u00f6ffnete.<\/p>\t\t\t\t\t\t\t\t<\/div>\n\t\t\t\t\t<\/div>\n\t\t\t\t<\/div>\n\t\t<div class=\"elementor-element elementor-element-deaedb5 e-flex e-con-boxed e-con e-parent\" data-id=\"deaedb5\" data-element_type=\"container\" data-e-type=\"container\">\n\t\t\t\t\t<div class=\"e-con-inner\">\n\t\t\t\t<div class=\"elementor-element elementor-element-de87a56 elementor-widget elementor-widget-image\" data-id=\"de87a56\" data-element_type=\"widget\" data-e-type=\"widget\" data-widget_type=\"image.default\">\n\t\t\t\t\t\t\t\t\t\t\t\t\t\t\t<img loading=\"lazy\" decoding=\"async\" width=\"1024\" height=\"747\" src=\"https:\/\/taverne-usghenkt.ddns.net\/wp-content\/uploads\/2025\/09\/Screenshot-2025-09-04-211352-1024x747.png\" class=\"attachment-large size-large wp-image-796\" alt=\"\" srcset=\"https:\/\/taverne-usghenkt.ddns.net\/wp-content\/uploads\/2025\/09\/Screenshot-2025-09-04-211352-1024x747.png 1024w, https:\/\/taverne-usghenkt.ddns.net\/wp-content\/uploads\/2025\/09\/Screenshot-2025-09-04-211352-300x219.png 300w, https:\/\/taverne-usghenkt.ddns.net\/wp-content\/uploads\/2025\/09\/Screenshot-2025-09-04-211352-768x560.png 768w, https:\/\/taverne-usghenkt.ddns.net\/wp-content\/uploads\/2025\/09\/Screenshot-2025-09-04-211352.png 1064w\" sizes=\"(max-width: 1024px) 100vw, 1024px\" \/>\t\t\t\t\t\t\t\t\t\t\t\t\t\t\t<\/div>\n\t\t\t\t<div class=\"elementor-element elementor-element-d7161b1 elementor-widget elementor-widget-text-editor\" data-id=\"d7161b1\" data-element_type=\"widget\" data-e-type=\"widget\" data-widget_type=\"text-editor.default\">\n\t\t\t\t\t\t\t\t\t<p>Dort fanden sie eine grosse H\u00f6hlenhalle, welche von tausenden von Gl\u00fchw\u00fcrmchen beleuchtet war.<br \/>In einem Seitentunnel fanden sie ein verlassenes Camp mit einer Truhe. Beim Versuch, sie zu \u00f6ffnen, stand Billja auf einen Rug of Smotherin, der sie angriff. Sie konnten ihn jedoch besiegen und fanden in der Kiste einen Bag of Holding (Fassungsverm\u00f6gen 1 Quadratmeter).<br \/>Als sie weitergehen, kommen sie an einem Menschenskelett vorbei und Corvax wird, beim Versuch die n\u00e4chste Kiste zu \u00f6ffnen, von einem Mimic angegriffen. Er kann sich losreissen, woraufhin sie den Mimic leben lassen und weiter ziehen. Sie finden ganz zu hinterst in der H\u00f6hle das Nachtschattenkraut. <br \/>Auf dem R\u00fcckweg versperren ihnen drei Ankhegs den Weg in der grossen H\u00f6hlenhalle. Sie schaffen es, sie zu besiegen.<\/p><p>Sie gehen zur\u00fcck in den Zaubertrankladen. Die Innhaberin hat eine Notiz hinterlassen, dass sie sich aufgrund der Aufregungen hinlegen gehen musste. Die Abenteurer w\u00fcrfen jedoch den Trank bei ihr selber brauen. Sie schaffen es und bringen das Gegengift zum Goblin. Es scheint zu wirken, doch der Goblin bleibt weiterhin bewusstlos. Als Dank, dass sie geholfen haben, erhielten sie das Angebot, dass sie von nun an immer gratis Reparaturen bei ihnen in Anspruch nehmen d\u00fcrfen.<\/p><p>Als sie am Abend zur\u00fcck in der Taverne waren, beobachteten sie, wie Purrlo mit Hedda fl\u00fcsterte und wie bei ihnen einen finsteren Blick zuwerfen.<\/p>\t\t\t\t\t\t\t\t<\/div>\n\t\t\t\t\t<\/div>\n\t\t\t\t<\/div>\n\t\t\t\t<\/div>\n\t\t","protected":false},"excerpt":{"rendered":"<p>Unsere Geschichte geht weiter an dem Abend, an welchem die Abenteuerer in der &#8220;Taverne zur Samtpfote&#8221; auf ihre gegl\u00fcckte Mission anstossen. Sie sitzen mit Rurik Eisenbart an ihrem Stammtisch, als eine Bardin zu ihnen an den Tisch kommt, welche Rurik zu kennen scheint. Sie entpuppt sich als Billja Sturmklang, eine Bardin, die, wie Rurik, auch [&hellip;]<\/p>\n","protected":false},"author":3,"featured_media":0,"parent":0,"menu_order":0,"comment_status":"closed","ping_status":"closed","template":"","meta":{"footnotes":""},"class_list":["post-752","page","type-page","status-publish","hentry"],"_links":{"self":[{"href":"https:\/\/taverne-usghenkt.ddns.net\/index.php\/wp-json\/wp\/v2\/pages\/752","targetHints":{"allow":["GET"]}}],"collection":[{"href":"https:\/\/taverne-usghenkt.ddns.net\/index.php\/wp-json\/wp\/v2\/pages"}],"about":[{"href":"https:\/\/taverne-usghenkt.ddns.net\/index.php\/wp-json\/wp\/v2\/types\/page"}],"author":[{"embeddable":true,"href":"https:\/\/taverne-usghenkt.ddns.net\/index.php\/wp-json\/wp\/v2\/users\/3"}],"replies":[{"embeddable":true,"href":"https:\/\/taverne-usghenkt.ddns.net\/index.php\/wp-json\/wp\/v2\/comments?post=752"}],"version-history":[{"count":13,"href":"https:\/\/taverne-usghenkt.ddns.net\/index.php\/wp-json\/wp\/v2\/pages\/752\/revisions"}],"predecessor-version":[{"id":807,"href":"https:\/\/taverne-usghenkt.ddns.net\/index.php\/wp-json\/wp\/v2\/pages\/752\/revisions\/807"}],"wp:attachment":[{"href":"https:\/\/taverne-usghenkt.ddns.net\/index.php\/wp-json\/wp\/v2\/media?parent=752"}],"curies":[{"name":"wp","href":"https:\/\/api.w.org\/{rel}","templated":true}]}}