{"id":878,"date":"2025-10-24T13:54:08","date_gmt":"2025-10-24T13:54:08","guid":{"rendered":"https:\/\/taverne-usghenkt.ddns.net\/?page_id=878"},"modified":"2025-11-12T14:32:55","modified_gmt":"2025-11-12T14:32:55","slug":"session-3","status":"publish","type":"page","link":"https:\/\/taverne-usghenkt.ddns.net\/index.php\/session-3\/","title":{"rendered":"Session 3"},"content":{"rendered":"\t\t<div data-elementor-type=\"wp-post\" data-elementor-id=\"878\" class=\"elementor elementor-878\">\n\t\t\t\t<div class=\"elementor-element elementor-element-a492967 e-flex e-con-boxed e-con e-parent\" data-id=\"a492967\" data-element_type=\"container\" data-e-type=\"container\">\n\t\t\t\t\t<div class=\"e-con-inner\">\n\t\t\t\t<div class=\"elementor-element elementor-element-9a47509 elementor-widget elementor-widget-text-editor\" data-id=\"9a47509\" data-element_type=\"widget\" data-e-type=\"widget\" data-widget_type=\"text-editor.default\">\n\t\t\t\t\t\t\t\t\t<p>Die Abenteurer sind am Abend in der Taverne zur Samtpfote. Sie lernen Hedda von Haldenfels kennen und erfahren, dass sie fr\u00fcher mit Purrlo auf Abenteuern war. Sie scheint die Abenteurer &#8220;suspekt&#8221; anzuschauen.<\/p><p>Alle gehen schlafen. In der Nacht schleicht sich Corax davon, um eine Heilerin aufzufinden und hinterl\u00e4sst folgenden Brief:<\/p>\t\t\t\t\t\t\t\t<\/div>\n\t\t\t\t\t<\/div>\n\t\t\t\t<\/div>\n\t\t<div class=\"elementor-element elementor-element-cdc7205 e-flex e-con-boxed e-con e-parent\" data-id=\"cdc7205\" data-element_type=\"container\" data-e-type=\"container\">\n\t\t\t\t\t<div class=\"e-con-inner\">\n\t\t\t\t<div class=\"elementor-element elementor-element-f2af900 elementor-widget elementor-widget-image\" data-id=\"f2af900\" data-element_type=\"widget\" data-e-type=\"widget\" data-widget_type=\"image.default\">\n\t\t\t\t\t\t\t\t\t\t\t\t\t\t\t<img fetchpriority=\"high\" decoding=\"async\" width=\"533\" height=\"800\" src=\"https:\/\/taverne-usghenkt.ddns.net\/wp-content\/uploads\/2025\/10\/Brief_Corvax.jpg\" class=\"attachment-large size-large wp-image-883\" alt=\"\" srcset=\"https:\/\/taverne-usghenkt.ddns.net\/wp-content\/uploads\/2025\/10\/Brief_Corvax.jpg 533w, https:\/\/taverne-usghenkt.ddns.net\/wp-content\/uploads\/2025\/10\/Brief_Corvax-200x300.jpg 200w\" sizes=\"(max-width: 533px) 100vw, 533px\" \/>\t\t\t\t\t\t\t\t\t\t\t\t\t\t\t<\/div>\n\t\t\t\t\t<\/div>\n\t\t\t\t<\/div>\n\t\t<div class=\"elementor-element elementor-element-028c8d1 e-flex e-con-boxed e-con e-parent\" data-id=\"028c8d1\" data-element_type=\"container\" data-e-type=\"container\">\n\t\t\t\t\t<div class=\"e-con-inner\">\n\t\t\t\t<div class=\"elementor-element elementor-element-3c9dc5d elementor-widget elementor-widget-text-editor\" data-id=\"3c9dc5d\" data-element_type=\"widget\" data-e-type=\"widget\" data-widget_type=\"text-editor.default\">\n\t\t\t\t\t\t\t\t\t<p>Am n\u00e4chsten Morgen findet Heikas diesen Brief im Zimmer und nimmt die von Corax erw\u00e4hnten Sachen an sich. Er liest den Brief beim Fr\u00fchst\u00fcck den anderen vor. Sie beschliessen, dem nicht weiter nachzugehen &amp; sprechen Purrlo darauf an, dass er und Hedda sie so angeschaut haben. Purrlo meint, dass sie sich um 12:00 Uhr wieder in der Taverne treffen sollen, um dies zu kl\u00e4ren.<\/p><p>In der Zwischenzeit besuchen die Abenteurer die Reparaturwerkstatt &#8220;Flicken statt Verrotten&#8221;, um zu sehen, wie es dem Goblin Orvist geht. Der Goblin Berte \u00f6ffnet die T\u00fcr und sagt, dass er auf dem Weg der Besserung ist. Er testet gemeinsam mit den Abenteurern den Teekessel und die Trompete, welche aus dem Krimskramsladen &#8220;Der kuriose Kessel&#8221; stammen und welche Heikas und Billja mit sich f\u00fchren. Der Kessel scheint keinen giftigen Rauch abzugeben. Man kann ohne Probleme darin atmen. Der Pfeil aus dem Trompetengeschoss jedoch scheint ein eher schwacher Pfeil zu sein.<\/p><p>Billja und Heikas gehen mit dem Trompetengeschoss in die Schmiede &#8220;Durgrins Grollhammer&#8221;, wo sie st\u00e4rkere Eisenpfeile erwerben.<\/p>\t\t\t\t\t\t\t\t<\/div>\n\t\t\t\t<div class=\"elementor-element elementor-element-80a7b52 elementor-widget elementor-widget-image\" data-id=\"80a7b52\" data-element_type=\"widget\" data-e-type=\"widget\" data-widget_type=\"image.default\">\n\t\t\t\t\t\t\t\t\t\t\t\t\t\t\t<img decoding=\"async\" width=\"1024\" height=\"771\" src=\"https:\/\/taverne-usghenkt.ddns.net\/wp-content\/uploads\/2025\/11\/Durgrin-1024x771.png\" class=\"attachment-large size-large wp-image-906\" alt=\"\" srcset=\"https:\/\/taverne-usghenkt.ddns.net\/wp-content\/uploads\/2025\/11\/Durgrin-1024x771.png 1024w, https:\/\/taverne-usghenkt.ddns.net\/wp-content\/uploads\/2025\/11\/Durgrin-300x226.png 300w, https:\/\/taverne-usghenkt.ddns.net\/wp-content\/uploads\/2025\/11\/Durgrin-768x578.png 768w, https:\/\/taverne-usghenkt.ddns.net\/wp-content\/uploads\/2025\/11\/Durgrin.png 1384w\" sizes=\"(max-width: 1024px) 100vw, 1024px\" \/>\t\t\t\t\t\t\t\t\t\t\t\t\t\t\t<\/div>\n\t\t\t\t\t<\/div>\n\t\t\t\t<\/div>\n\t\t<div class=\"elementor-element elementor-element-9f167b4 e-flex e-con-boxed e-con e-parent\" data-id=\"9f167b4\" data-element_type=\"container\" data-e-type=\"container\">\n\t\t\t\t\t<div class=\"e-con-inner\">\n\t\t\t\t<div class=\"elementor-element elementor-element-0659c92 elementor-widget elementor-widget-text-editor\" data-id=\"0659c92\" data-element_type=\"widget\" data-e-type=\"widget\" data-widget_type=\"text-editor.default\">\n\t\t\t\t\t\t\t\t\t<p>In dieser Zeit helfen Veraya und Fey dem Gnom Bean, seinen Krimskramsladen auf Vordermann zu bringen. Daf\u00fcr erhalten sie auf ihren n\u00e4chsten Einkauf Rabatt.<\/p><p>Als sich die Abenteurer mit Purrlo und Hedda in der Taverne treffen, erfahren sie, dass sich der Himmelsfels langsam senkt und dadurch in einigen Monaten das Wasser des grossen Sees verdr\u00e4ngen wird, was zu einer riesigen \u00dcberschwemmung f\u00fchren und die Sprites, die dort wohnen, vertreiben w\u00fcrde. Hedda &amp; Purrlo haben von Dr. Malistra Vyneth geh\u00f6rt, da sie fr\u00fcher gemeinsam auf Abenteuern waren und sie einst in der Universit\u00e4t in Nymaril gearbeitet und gelebt hat. Daher w\u00fcrden die Abenteurer wahrscheinlich dort beginnen m\u00fcssen mit dem Suchen nach einer L\u00f6sung. Sie sollen jedoch sehr vorsichtig sein! Wie sie anhand der Hautfarbe von Dr. Vyneth erkennen konnten, handelt es sich bei ihr nicht um eine normale Elfin, sondern um eine Dunkelelfin. Das heisst, dass sie viel Zeit im Underdark verbracht haben muss. <br \/>Die Abenteurer nehmen sich dem Abenteuer an und ziehen noch am selben Tag los in Richtung Sina.<\/p><p>Auf dem Weg nach Sina werden sie von Banditen \u00fcberfallen, welche sie jedoch besiegen konnten.<\/p>\t\t\t\t\t\t\t\t<\/div>\n\t\t\t\t<div class=\"elementor-element elementor-element-e6e23f2 elementor-widget elementor-widget-image\" data-id=\"e6e23f2\" data-element_type=\"widget\" data-e-type=\"widget\" data-widget_type=\"image.default\">\n\t\t\t\t\t\t\t\t\t\t\t\t\t\t\t<img decoding=\"async\" width=\"1024\" height=\"717\" src=\"https:\/\/taverne-usghenkt.ddns.net\/wp-content\/uploads\/2025\/10\/Strasse_vor_Sina-1024x717.png\" class=\"attachment-large size-large wp-image-885\" alt=\"\" srcset=\"https:\/\/taverne-usghenkt.ddns.net\/wp-content\/uploads\/2025\/10\/Strasse_vor_Sina-1024x717.png 1024w, https:\/\/taverne-usghenkt.ddns.net\/wp-content\/uploads\/2025\/10\/Strasse_vor_Sina-300x210.png 300w, https:\/\/taverne-usghenkt.ddns.net\/wp-content\/uploads\/2025\/10\/Strasse_vor_Sina-768x538.png 768w, https:\/\/taverne-usghenkt.ddns.net\/wp-content\/uploads\/2025\/10\/Strasse_vor_Sina.png 1260w\" sizes=\"(max-width: 1024px) 100vw, 1024px\" \/>\t\t\t\t\t\t\t\t\t\t\t\t\t\t\t<\/div>\n\t\t\t\t\t<\/div>\n\t\t\t\t<\/div>\n\t\t<div class=\"elementor-element elementor-element-b74b71b e-flex e-con-boxed e-con e-parent\" data-id=\"b74b71b\" data-element_type=\"container\" data-e-type=\"container\">\n\t\t\t\t\t<div class=\"e-con-inner\">\n\t\t\t\t<div class=\"elementor-element elementor-element-32ffd5b elementor-widget elementor-widget-text-editor\" data-id=\"32ffd5b\" data-element_type=\"widget\" data-e-type=\"widget\" data-widget_type=\"text-editor.default\">\n\t\t\t\t\t\t\t\t\t<p>Nach dem Kampf ersp\u00e4hte Fey einen weissen Hasen, welche ihr sagte, dass sie ihm folgen sollen.<br \/>Er f\u00fchrte sie auf eine in der N\u00e4he des Weges gelegene Waldlichtung, wo sich der Stellplatz der Wahrsagerin Zyretha Traumweberin befindet. Sie berichtet ihnen, dass sie sp\u00fcrt, dass es Corvax gut gehe. Sie l\u00e4dt sie dazu ein, bei ihr Abendessen zu essen und zu \u00fcbernachten.<\/p>\t\t\t\t\t\t\t\t<\/div>\n\t\t\t\t\t<\/div>\n\t\t\t\t<\/div>\n\t\t<div class=\"elementor-element elementor-element-bc7a0c7 e-flex e-con-boxed e-con e-parent\" data-id=\"bc7a0c7\" data-element_type=\"container\" data-e-type=\"container\">\n\t\t\t\t\t<div class=\"e-con-inner\">\n\t\t\t\t<div class=\"elementor-element elementor-element-5c79e6d elementor-widget elementor-widget-image\" data-id=\"5c79e6d\" data-element_type=\"widget\" data-e-type=\"widget\" data-widget_type=\"image.default\">\n\t\t\t\t\t\t\t\t\t\t\t\t\t\t\t<img loading=\"lazy\" decoding=\"async\" width=\"1024\" height=\"724\" src=\"https:\/\/taverne-usghenkt.ddns.net\/wp-content\/uploads\/2025\/10\/Stellplatz_Wahrsagerin-1024x724.png\" class=\"attachment-large size-large wp-image-884\" alt=\"\" srcset=\"https:\/\/taverne-usghenkt.ddns.net\/wp-content\/uploads\/2025\/10\/Stellplatz_Wahrsagerin-1024x724.png 1024w, https:\/\/taverne-usghenkt.ddns.net\/wp-content\/uploads\/2025\/10\/Stellplatz_Wahrsagerin-300x212.png 300w, https:\/\/taverne-usghenkt.ddns.net\/wp-content\/uploads\/2025\/10\/Stellplatz_Wahrsagerin-768x543.png 768w, https:\/\/taverne-usghenkt.ddns.net\/wp-content\/uploads\/2025\/10\/Stellplatz_Wahrsagerin.png 1270w\" sizes=\"(max-width: 1024px) 100vw, 1024px\" \/>\t\t\t\t\t\t\t\t\t\t\t\t\t\t\t<\/div>\n\t\t\t\t\t<\/div>\n\t\t\t\t<\/div>\n\t\t<div class=\"elementor-element elementor-element-395c71c e-flex e-con-boxed e-con e-parent\" data-id=\"395c71c\" data-element_type=\"container\" data-e-type=\"container\">\n\t\t\t\t\t<div class=\"e-con-inner\">\n\t\t\t\t<div class=\"elementor-element elementor-element-6af412d elementor-widget elementor-widget-text-editor\" data-id=\"6af412d\" data-element_type=\"widget\" data-e-type=\"widget\" data-widget_type=\"text-editor.default\">\n\t\t\t\t\t\t\t\t\t<p>Am n\u00e4chsten Tag kommen die Abenteurer ca. um 12 Uhr in der Taverne in Sina an. Sie entscheiden sich daf\u00fcr, hier etwas zu essen und danach weiterzuziehen.<\/p>\t\t\t\t\t\t\t\t<\/div>\n\t\t\t\t\t<\/div>\n\t\t\t\t<\/div>\n\t\t<div class=\"elementor-element elementor-element-c1f2ac1 e-flex e-con-boxed e-con e-parent\" data-id=\"c1f2ac1\" data-element_type=\"container\" data-e-type=\"container\">\n\t\t\t\t\t<div class=\"e-con-inner\">\n\t\t\t\t<div class=\"elementor-element elementor-element-e62abc0 elementor-widget elementor-widget-image\" data-id=\"e62abc0\" data-element_type=\"widget\" data-e-type=\"widget\" data-widget_type=\"image.default\">\n\t\t\t\t\t\t\t\t\t\t\t\t\t\t\t<img loading=\"lazy\" decoding=\"async\" width=\"721\" height=\"1024\" src=\"https:\/\/taverne-usghenkt.ddns.net\/wp-content\/uploads\/2025\/10\/Taverne_Sina-721x1024.png\" class=\"attachment-large size-large wp-image-886\" alt=\"\" srcset=\"https:\/\/taverne-usghenkt.ddns.net\/wp-content\/uploads\/2025\/10\/Taverne_Sina-721x1024.png 721w, https:\/\/taverne-usghenkt.ddns.net\/wp-content\/uploads\/2025\/10\/Taverne_Sina-211x300.png 211w, https:\/\/taverne-usghenkt.ddns.net\/wp-content\/uploads\/2025\/10\/Taverne_Sina-768x1091.png 768w, https:\/\/taverne-usghenkt.ddns.net\/wp-content\/uploads\/2025\/10\/Taverne_Sina.png 894w\" sizes=\"(max-width: 721px) 100vw, 721px\" \/>\t\t\t\t\t\t\t\t\t\t\t\t\t\t\t<\/div>\n\t\t\t\t\t<\/div>\n\t\t\t\t<\/div>\n\t\t\t\t<\/div>\n\t\t","protected":false},"excerpt":{"rendered":"<p>Die Abenteurer sind am Abend in der Taverne zur Samtpfote. Sie lernen Hedda von Haldenfels kennen und erfahren, dass sie fr\u00fcher mit Purrlo auf Abenteuern war. Sie scheint die Abenteurer &#8220;suspekt&#8221; anzuschauen. Alle gehen schlafen. In der Nacht schleicht sich Corax davon, um eine Heilerin aufzufinden und hinterl\u00e4sst folgenden Brief: Am n\u00e4chsten Morgen findet Heikas [&hellip;]<\/p>\n","protected":false},"author":3,"featured_media":0,"parent":0,"menu_order":0,"comment_status":"closed","ping_status":"closed","template":"","meta":{"footnotes":""},"class_list":["post-878","page","type-page","status-publish","hentry"],"_links":{"self":[{"href":"https:\/\/taverne-usghenkt.ddns.net\/index.php\/wp-json\/wp\/v2\/pages\/878","targetHints":{"allow":["GET"]}}],"collection":[{"href":"https:\/\/taverne-usghenkt.ddns.net\/index.php\/wp-json\/wp\/v2\/pages"}],"about":[{"href":"https:\/\/taverne-usghenkt.ddns.net\/index.php\/wp-json\/wp\/v2\/types\/page"}],"author":[{"embeddable":true,"href":"https:\/\/taverne-usghenkt.ddns.net\/index.php\/wp-json\/wp\/v2\/users\/3"}],"replies":[{"embeddable":true,"href":"https:\/\/taverne-usghenkt.ddns.net\/index.php\/wp-json\/wp\/v2\/comments?post=878"}],"version-history":[{"count":10,"href":"https:\/\/taverne-usghenkt.ddns.net\/index.php\/wp-json\/wp\/v2\/pages\/878\/revisions"}],"predecessor-version":[{"id":912,"href":"https:\/\/taverne-usghenkt.ddns.net\/index.php\/wp-json\/wp\/v2\/pages\/878\/revisions\/912"}],"wp:attachment":[{"href":"https:\/\/taverne-usghenkt.ddns.net\/index.php\/wp-json\/wp\/v2\/media?parent=878"}],"curies":[{"name":"wp","href":"https:\/\/api.w.org\/{rel}","templated":true}]}}