{"id":931,"date":"2025-12-28T08:42:40","date_gmt":"2025-12-28T08:42:40","guid":{"rendered":"https:\/\/taverne-usghenkt.ddns.net\/?page_id=931"},"modified":"2025-12-28T09:30:38","modified_gmt":"2025-12-28T09:30:38","slug":"session-4","status":"publish","type":"page","link":"https:\/\/taverne-usghenkt.ddns.net\/index.php\/session-4\/","title":{"rendered":"Session 4"},"content":{"rendered":"\t\t<div data-elementor-type=\"wp-page\" data-elementor-id=\"931\" class=\"elementor elementor-931\">\n\t\t\t\t<div class=\"elementor-element elementor-element-c79a43f e-flex e-con-boxed e-con e-parent\" data-id=\"c79a43f\" data-element_type=\"container\" data-e-type=\"container\">\n\t\t\t\t\t<div class=\"e-con-inner\">\n\t\t\t\t<div class=\"elementor-element elementor-element-d06469c elementor-widget elementor-widget-spacer\" data-id=\"d06469c\" data-element_type=\"widget\" data-e-type=\"widget\" data-widget_type=\"spacer.default\">\n\t\t\t\t\t\t\t<div class=\"elementor-spacer\">\n\t\t\t<div class=\"elementor-spacer-inner\"><\/div>\n\t\t<\/div>\n\t\t\t\t\t\t<\/div>\n\t\t\t\t<div class=\"elementor-element elementor-element-a5e70b6 elementor-widget elementor-widget-text-editor\" data-id=\"a5e70b6\" data-element_type=\"widget\" data-e-type=\"widget\" data-widget_type=\"text-editor.default\">\n\t\t\t\t\t\t\t\t\t<p>Nach dem Zwischenstopp in der Taverne von Sina machen sich die Abenteurer wieder auf den Weg in Richtung Trost. Fey verwandelt sich in eine riesige Echse, wobei es einen Streit zwischen Heikas und Bilja gab, bei welchem es darum ging, wer auf Fey reiten darf. Auf dem Weg, nahe der Kreuzung, die runter in den Bezirk Iverion f\u00fchrt, \u00fcberholt die Abenteurer eine schwer bewachte Karawane mit einer Kutsche in der Mitte. Hinten an der Kutschenwand ist eine aufgemalte Hand zu sehen. Aus der Kutsche heraus wirft jemand ein Flugblatt. Auf dem Flugblatt ist eine Art &#8216;Werbung&#8217; f\u00fcr die Kirche &#8220;Das Haus der Erl\u00f6sung&#8221; zu lesen.<\/p>\t\t\t\t\t\t\t\t<\/div>\n\t\t\t\t\t<\/div>\n\t\t\t\t<\/div>\n\t\t<div class=\"elementor-element elementor-element-5888a16 e-flex e-con-boxed e-con e-parent\" data-id=\"5888a16\" data-element_type=\"container\" data-e-type=\"container\">\n\t\t\t\t\t<div class=\"e-con-inner\">\n\t\t\t\t<div class=\"elementor-element elementor-element-70a0137 elementor-widget elementor-widget-image\" data-id=\"70a0137\" data-element_type=\"widget\" data-e-type=\"widget\" data-widget_type=\"image.default\">\n\t\t\t\t\t\t\t\t\t\t\t\t\t\t\t<img fetchpriority=\"high\" decoding=\"async\" width=\"714\" height=\"1012\" src=\"https:\/\/taverne-usghenkt.ddns.net\/wp-content\/uploads\/2025\/12\/Flugblatt-1.png\" class=\"attachment-large size-large wp-image-936\" alt=\"\" srcset=\"https:\/\/taverne-usghenkt.ddns.net\/wp-content\/uploads\/2025\/12\/Flugblatt-1.png 714w, https:\/\/taverne-usghenkt.ddns.net\/wp-content\/uploads\/2025\/12\/Flugblatt-1-212x300.png 212w\" sizes=\"(max-width: 714px) 100vw, 714px\" \/>\t\t\t\t\t\t\t\t\t\t\t\t\t\t\t<\/div>\n\t\t\t\t\t<\/div>\n\t\t\t\t<\/div>\n\t\t<div class=\"elementor-element elementor-element-47ed660 e-flex e-con-boxed e-con e-parent\" data-id=\"47ed660\" data-element_type=\"container\" data-e-type=\"container\">\n\t\t\t\t\t<div class=\"e-con-inner\">\n\t\t\t\t<div class=\"elementor-element elementor-element-811b71a elementor-widget elementor-widget-text-editor\" data-id=\"811b71a\" data-element_type=\"widget\" data-e-type=\"widget\" data-widget_type=\"text-editor.default\">\n\t\t\t\t\t\t\t\t\t<p>Als es langsam Abend wird, erreichen die Abenteurer die Obstplantage, welche Trost umgibt. Bilja erz\u00e4hlt den anderen folgendes:<\/p><p>Auf der Plantage soll es eine Geisterfrau namens Freya geben. Es hat sie noch nie jemand gesehen, aber es sind schon Leute, die auf den Plantagen gearbeitet haben, verschwunden. Das k\u00f6nnte aber auch wegen den W\u00f6lfen, Banditen oder Goblins sein. Niemand kann sagen, ob die Geisterfrau echt ist.<br \/>Die Legende besagt, dass diese Frau, Freya, vor vielen Jahren als arme Frau mit Baby nach Trost kam &amp; nach einem Apfel gefragt hat. Die Obstbauern haben ihr aber keinen gegeben und sie und ihr Baby sind verhungert. Daher sucht sie die Obstplantagen nun heim, um Rache zu \u00fcben.<\/p><p>Um die Geisterfrau abzuwehren, haben die Leute \u00fcberall an den Wegen Totems aufgestellt:<\/p>\t\t\t\t\t\t\t\t<\/div>\n\t\t\t\t\t<\/div>\n\t\t\t\t<\/div>\n\t\t<div class=\"elementor-element elementor-element-57b47ab e-flex e-con-boxed e-con e-parent\" data-id=\"57b47ab\" data-element_type=\"container\" data-e-type=\"container\">\n\t\t\t\t\t<div class=\"e-con-inner\">\n\t\t\t\t<div class=\"elementor-element elementor-element-867beec elementor-widget elementor-widget-image\" data-id=\"867beec\" data-element_type=\"widget\" data-e-type=\"widget\" data-widget_type=\"image.default\">\n\t\t\t\t\t\t\t\t\t\t\t\t\t\t\t<img decoding=\"async\" width=\"1024\" height=\"771\" src=\"https:\/\/taverne-usghenkt.ddns.net\/wp-content\/uploads\/2025\/12\/Totem-Obstplantage-1024x771.png\" class=\"attachment-large size-large wp-image-937\" alt=\"\" srcset=\"https:\/\/taverne-usghenkt.ddns.net\/wp-content\/uploads\/2025\/12\/Totem-Obstplantage-1024x771.png 1024w, https:\/\/taverne-usghenkt.ddns.net\/wp-content\/uploads\/2025\/12\/Totem-Obstplantage-300x226.png 300w, https:\/\/taverne-usghenkt.ddns.net\/wp-content\/uploads\/2025\/12\/Totem-Obstplantage-768x578.png 768w, https:\/\/taverne-usghenkt.ddns.net\/wp-content\/uploads\/2025\/12\/Totem-Obstplantage.png 1232w\" sizes=\"(max-width: 1024px) 100vw, 1024px\" \/>\t\t\t\t\t\t\t\t\t\t\t\t\t\t\t<\/div>\n\t\t\t\t\t<\/div>\n\t\t\t\t<\/div>\n\t\t<div class=\"elementor-element elementor-element-992614a e-flex e-con-boxed e-con e-parent\" data-id=\"992614a\" data-element_type=\"container\" data-e-type=\"container\">\n\t\t\t\t\t<div class=\"e-con-inner\">\n\t\t\t\t<div class=\"elementor-element elementor-element-81cb137 elementor-widget elementor-widget-text-editor\" data-id=\"81cb137\" data-element_type=\"widget\" data-e-type=\"widget\" data-widget_type=\"text-editor.default\">\n\t\t\t\t\t\t\t\t\t<p>Da es dunkel wird, sind sie gezwungen, auf der Plantage zu \u00fcbernachten. Neben ihrem Schlafplatz befindet sich ein Wagen. Dort spielt eine Katze\u00a0 zwischen den mit \u00c4pfeln gef\u00fcllten S\u00e4cken. Sie hat mit einem Garnkn\u00e4uel gespielt, der golden schimmert. Es ist ein Faden, der niemals reisst.<\/p>\t\t\t\t\t\t\t\t<\/div>\n\t\t\t\t\t<\/div>\n\t\t\t\t<\/div>\n\t\t<div class=\"elementor-element elementor-element-3083577 e-flex e-con-boxed e-con e-parent\" data-id=\"3083577\" data-element_type=\"container\" data-e-type=\"container\">\n\t\t\t\t\t<div class=\"e-con-inner\">\n\t\t\t\t<div class=\"elementor-element elementor-element-fabaac7 elementor-widget elementor-widget-image\" data-id=\"fabaac7\" data-element_type=\"widget\" data-e-type=\"widget\" data-widget_type=\"image.default\">\n\t\t\t\t\t\t\t\t\t\t\t\t\t\t\t<img decoding=\"async\" width=\"1024\" height=\"720\" src=\"https:\/\/taverne-usghenkt.ddns.net\/wp-content\/uploads\/2025\/12\/Plantage_Ubernachtung-1024x720.png\" class=\"attachment-large size-large wp-image-938\" alt=\"\" srcset=\"https:\/\/taverne-usghenkt.ddns.net\/wp-content\/uploads\/2025\/12\/Plantage_Ubernachtung-1024x720.png 1024w, https:\/\/taverne-usghenkt.ddns.net\/wp-content\/uploads\/2025\/12\/Plantage_Ubernachtung-300x211.png 300w, https:\/\/taverne-usghenkt.ddns.net\/wp-content\/uploads\/2025\/12\/Plantage_Ubernachtung-768x540.png 768w, https:\/\/taverne-usghenkt.ddns.net\/wp-content\/uploads\/2025\/12\/Plantage_Ubernachtung.png 1294w\" sizes=\"(max-width: 1024px) 100vw, 1024px\" \/>\t\t\t\t\t\t\t\t\t\t\t\t\t\t\t<\/div>\n\t\t\t\t\t<\/div>\n\t\t\t\t<\/div>\n\t\t<div class=\"elementor-element elementor-element-96ba493 e-flex e-con-boxed e-con e-parent\" data-id=\"96ba493\" data-element_type=\"container\" data-e-type=\"container\">\n\t\t\t\t\t<div class=\"e-con-inner\">\n\t\t\t\t<div class=\"elementor-element elementor-element-5ced108 elementor-widget elementor-widget-image\" data-id=\"5ced108\" data-element_type=\"widget\" data-e-type=\"widget\" data-widget_type=\"image.default\">\n\t\t\t\t\t\t\t\t\t\t\t\t\t\t\t<img loading=\"lazy\" decoding=\"async\" width=\"1024\" height=\"771\" src=\"https:\/\/taverne-usghenkt.ddns.net\/wp-content\/uploads\/2025\/12\/Garnknauel-1024x771.png\" class=\"attachment-large size-large wp-image-939\" alt=\"\" srcset=\"https:\/\/taverne-usghenkt.ddns.net\/wp-content\/uploads\/2025\/12\/Garnknauel-1024x771.png 1024w, https:\/\/taverne-usghenkt.ddns.net\/wp-content\/uploads\/2025\/12\/Garnknauel-300x226.png 300w, https:\/\/taverne-usghenkt.ddns.net\/wp-content\/uploads\/2025\/12\/Garnknauel-768x578.png 768w, https:\/\/taverne-usghenkt.ddns.net\/wp-content\/uploads\/2025\/12\/Garnknauel.png 1232w\" sizes=\"(max-width: 1024px) 100vw, 1024px\" \/>\t\t\t\t\t\t\t\t\t\t\t\t\t\t\t<\/div>\n\t\t\t\t\t<\/div>\n\t\t\t\t<\/div>\n\t\t<div class=\"elementor-element elementor-element-f8cd6aa e-flex e-con-boxed e-con e-parent\" data-id=\"f8cd6aa\" data-element_type=\"container\" data-e-type=\"container\">\n\t\t\t\t\t<div class=\"e-con-inner\">\n\t\t\t\t<div class=\"elementor-element elementor-element-9065ab9 elementor-widget elementor-widget-text-editor\" data-id=\"9065ab9\" data-element_type=\"widget\" data-e-type=\"widget\" data-widget_type=\"text-editor.default\">\n\t\t\t\t\t\t\t\t\t<p>Die Abenteurer gehen schlafen, wobei immer jemand Wache h\u00e4lt. Sie wachen am Morgen auf und laufen weiter durch die Plantage, bis sie ein Fest erreichen.<\/p>\t\t\t\t\t\t\t\t<\/div>\n\t\t\t\t\t<\/div>\n\t\t\t\t<\/div>\n\t\t<div class=\"elementor-element elementor-element-9b4a408 e-flex e-con-boxed e-con e-parent\" data-id=\"9b4a408\" data-element_type=\"container\" data-e-type=\"container\">\n\t\t\t\t\t<div class=\"e-con-inner\">\n\t\t\t\t<div class=\"elementor-element elementor-element-a127010 elementor-widget elementor-widget-image\" data-id=\"a127010\" data-element_type=\"widget\" data-e-type=\"widget\" data-widget_type=\"image.default\">\n\t\t\t\t\t\t\t\t\t\t\t\t\t\t\t<img loading=\"lazy\" decoding=\"async\" width=\"1024\" height=\"717\" src=\"https:\/\/taverne-usghenkt.ddns.net\/wp-content\/uploads\/2025\/12\/Herbstfestplatz-1024x717.png\" class=\"attachment-large size-large wp-image-940\" alt=\"\" srcset=\"https:\/\/taverne-usghenkt.ddns.net\/wp-content\/uploads\/2025\/12\/Herbstfestplatz-1024x717.png 1024w, https:\/\/taverne-usghenkt.ddns.net\/wp-content\/uploads\/2025\/12\/Herbstfestplatz-300x210.png 300w, https:\/\/taverne-usghenkt.ddns.net\/wp-content\/uploads\/2025\/12\/Herbstfestplatz-768x538.png 768w, https:\/\/taverne-usghenkt.ddns.net\/wp-content\/uploads\/2025\/12\/Herbstfestplatz.png 1300w\" sizes=\"(max-width: 1024px) 100vw, 1024px\" \/>\t\t\t\t\t\t\t\t\t\t\t\t\t\t\t<\/div>\n\t\t\t\t\t<\/div>\n\t\t\t\t<\/div>\n\t\t<div class=\"elementor-element elementor-element-7f936f5 e-flex e-con-boxed e-con e-parent\" data-id=\"7f936f5\" data-element_type=\"container\" data-e-type=\"container\">\n\t\t\t\t\t<div class=\"e-con-inner\">\n\t\t\t\t<div class=\"elementor-element elementor-element-7dd0bf8 elementor-widget elementor-widget-image\" data-id=\"7dd0bf8\" data-element_type=\"widget\" data-e-type=\"widget\" data-widget_type=\"image.default\">\n\t\t\t\t\t\t\t\t\t\t\t\t\t\t\t<img loading=\"lazy\" decoding=\"async\" width=\"1024\" height=\"771\" src=\"https:\/\/taverne-usghenkt.ddns.net\/wp-content\/uploads\/2025\/12\/Jongleur-1024x771.png\" class=\"attachment-large size-large wp-image-942\" alt=\"\" srcset=\"https:\/\/taverne-usghenkt.ddns.net\/wp-content\/uploads\/2025\/12\/Jongleur-1024x771.png 1024w, https:\/\/taverne-usghenkt.ddns.net\/wp-content\/uploads\/2025\/12\/Jongleur-300x226.png 300w, https:\/\/taverne-usghenkt.ddns.net\/wp-content\/uploads\/2025\/12\/Jongleur-768x578.png 768w, https:\/\/taverne-usghenkt.ddns.net\/wp-content\/uploads\/2025\/12\/Jongleur.png 1232w\" sizes=\"(max-width: 1024px) 100vw, 1024px\" \/>\t\t\t\t\t\t\t\t\t\t\t\t\t\t\t<\/div>\n\t\t\t\t<div class=\"elementor-element elementor-element-53da5f1 elementor-widget elementor-widget-text-editor\" data-id=\"53da5f1\" data-element_type=\"widget\" data-e-type=\"widget\" data-widget_type=\"text-editor.default\">\n\t\t\t\t\t\t\t\t\t<p>Es handelt sich um eine Art Erntedankfest. Die Abenteurer schauen sich gewisse St\u00e4nde an und gehen dann weiter.\u00a0<\/p><p>Pl\u00f6tzlich beginnt sich alles zu drehen und die Abenteurer erwachen erneut auf der Plantage und verlieren ein wenig Leben. Egal wohin die Abenteurer gehen oder was sie machen, sie landen immer wieder auf diesem Fest. Es scheint eine Art Loop zu sein. Sie bemerken, dass sie wohl in die Vergangenheit gereist sind. Pl\u00f6tzlich bemerken sie an einem Stand des Erntedanfests eine Frauenstimme. Als sie n\u00e4her treten, h\u00f6ren sie, wie die Frau nach einem Apfel fragt. Sie haben die Vermutung, dass dies Freya aus der Legende sein k\u00f6nnte. Sie kaufen ihr einen Apfel.<\/p>\t\t\t\t\t\t\t\t<\/div>\n\t\t\t\t\t<\/div>\n\t\t\t\t<\/div>\n\t\t<div class=\"elementor-element elementor-element-9cd77fa e-flex e-con-boxed e-con e-parent\" data-id=\"9cd77fa\" data-element_type=\"container\" data-e-type=\"container\">\n\t\t\t\t\t<div class=\"e-con-inner\">\n\t\t\t\t<div class=\"elementor-element elementor-element-00ebc1b elementor-widget elementor-widget-image\" data-id=\"00ebc1b\" data-element_type=\"widget\" data-e-type=\"widget\" data-widget_type=\"image.default\">\n\t\t\t\t\t\t\t\t\t\t\t\t\t\t\t<img loading=\"lazy\" decoding=\"async\" width=\"1024\" height=\"771\" src=\"https:\/\/taverne-usghenkt.ddns.net\/wp-content\/uploads\/2025\/12\/Geisterfrau-1024x771.png\" class=\"attachment-large size-large wp-image-941\" alt=\"\" srcset=\"https:\/\/taverne-usghenkt.ddns.net\/wp-content\/uploads\/2025\/12\/Geisterfrau-1024x771.png 1024w, https:\/\/taverne-usghenkt.ddns.net\/wp-content\/uploads\/2025\/12\/Geisterfrau-300x226.png 300w, https:\/\/taverne-usghenkt.ddns.net\/wp-content\/uploads\/2025\/12\/Geisterfrau-768x578.png 768w, https:\/\/taverne-usghenkt.ddns.net\/wp-content\/uploads\/2025\/12\/Geisterfrau.png 1232w\" sizes=\"(max-width: 1024px) 100vw, 1024px\" \/>\t\t\t\t\t\t\t\t\t\t\t\t\t\t\t<\/div>\n\t\t\t\t\t<\/div>\n\t\t\t\t<\/div>\n\t\t<div class=\"elementor-element elementor-element-aa882cb e-flex e-con-boxed e-con e-parent\" data-id=\"aa882cb\" data-element_type=\"container\" data-e-type=\"container\">\n\t\t\t\t\t<div class=\"e-con-inner\">\n\t\t\t\t<div class=\"elementor-element elementor-element-100bee0 elementor-widget elementor-widget-text-editor\" data-id=\"100bee0\" data-element_type=\"widget\" data-e-type=\"widget\" data-widget_type=\"text-editor.default\">\n\t\t\t\t\t\t\t\t\t<p>Nachdem die Frau dankend den Apfel angenommen hat, erwachen sie erneut auf der Plantage. Dieses Mal jedoch ohne dass ihnen Leben abgezogen wurde. Sie k\u00f6nnen endlich weiterziehen.<\/p><p>In Trost angekommen, erkunden sie ein wenig das Dorf. Sie finden Rurik&#8217;s zuhause, das mit &#8220;Eisenbarts Obstwaren &#8211; jedes Wochenende in Shiganshina&#8221; angeschrieben ist. Ausserdem begeben sie sich in ein Spezialit\u00e4tengesch\u00e4ft; &#8220;Der Apfelkern&#8221;:<\/p>\t\t\t\t\t\t\t\t<\/div>\n\t\t\t\t\t<\/div>\n\t\t\t\t<\/div>\n\t\t<div class=\"elementor-element elementor-element-6e2f76e e-flex e-con-boxed e-con e-parent\" data-id=\"6e2f76e\" data-element_type=\"container\" data-e-type=\"container\">\n\t\t\t\t\t<div class=\"e-con-inner\">\n\t\t\t\t<div class=\"elementor-element elementor-element-326bc58 elementor-widget elementor-widget-image\" data-id=\"326bc58\" data-element_type=\"widget\" data-e-type=\"widget\" data-widget_type=\"image.default\">\n\t\t\t\t\t\t\t\t\t\t\t\t\t\t\t<img loading=\"lazy\" decoding=\"async\" width=\"1024\" height=\"771\" src=\"https:\/\/taverne-usghenkt.ddns.net\/wp-content\/uploads\/2025\/12\/Apfelgeschaft-1024x771.png\" class=\"attachment-large size-large wp-image-946\" alt=\"\" srcset=\"https:\/\/taverne-usghenkt.ddns.net\/wp-content\/uploads\/2025\/12\/Apfelgeschaft-1024x771.png 1024w, https:\/\/taverne-usghenkt.ddns.net\/wp-content\/uploads\/2025\/12\/Apfelgeschaft-300x226.png 300w, https:\/\/taverne-usghenkt.ddns.net\/wp-content\/uploads\/2025\/12\/Apfelgeschaft-768x578.png 768w, https:\/\/taverne-usghenkt.ddns.net\/wp-content\/uploads\/2025\/12\/Apfelgeschaft.png 1232w\" sizes=\"(max-width: 1024px) 100vw, 1024px\" \/>\t\t\t\t\t\t\t\t\t\t\t\t\t\t\t<\/div>\n\t\t\t\t\t<\/div>\n\t\t\t\t<\/div>\n\t\t<div class=\"elementor-element elementor-element-db33e9a e-flex e-con-boxed e-con e-parent\" data-id=\"db33e9a\" data-element_type=\"container\" data-e-type=\"container\">\n\t\t\t\t\t<div class=\"e-con-inner\">\n\t\t\t\t<div class=\"elementor-element elementor-element-ea20062 elementor-widget elementor-widget-text-editor\" data-id=\"ea20062\" data-element_type=\"widget\" data-e-type=\"widget\" data-widget_type=\"text-editor.default\">\n\t\t\t\t\t\t\t\t\t<p>Die Besitzerin, Esther, scheint Bilja zu kennen und begr\u00fcsst sie herzlich. Pl\u00f6tzlich st\u00fcrmt Esthers Sohn, Teyo, mit einem Eimer in den Laden.<\/p>\t\t\t\t\t\t\t\t<\/div>\n\t\t\t\t\t<\/div>\n\t\t\t\t<\/div>\n\t\t<div class=\"elementor-element elementor-element-a0af294 e-flex e-con-boxed e-con e-parent\" data-id=\"a0af294\" data-element_type=\"container\" data-e-type=\"container\">\n\t\t\t\t\t<div class=\"e-con-inner\">\n\t\t\t\t<div class=\"elementor-element elementor-element-1bade3f elementor-widget elementor-widget-image\" data-id=\"1bade3f\" data-element_type=\"widget\" data-e-type=\"widget\" data-widget_type=\"image.default\">\n\t\t\t\t\t\t\t\t\t\t\t\t\t\t\t<img loading=\"lazy\" decoding=\"async\" width=\"1024\" height=\"771\" src=\"https:\/\/taverne-usghenkt.ddns.net\/wp-content\/uploads\/2025\/12\/Teyo-1024x771.png\" class=\"attachment-large size-large wp-image-947\" alt=\"\" srcset=\"https:\/\/taverne-usghenkt.ddns.net\/wp-content\/uploads\/2025\/12\/Teyo-1024x771.png 1024w, https:\/\/taverne-usghenkt.ddns.net\/wp-content\/uploads\/2025\/12\/Teyo-300x226.png 300w, https:\/\/taverne-usghenkt.ddns.net\/wp-content\/uploads\/2025\/12\/Teyo-768x578.png 768w, https:\/\/taverne-usghenkt.ddns.net\/wp-content\/uploads\/2025\/12\/Teyo.png 1232w\" sizes=\"(max-width: 1024px) 100vw, 1024px\" \/>\t\t\t\t\t\t\t\t\t\t\t\t\t\t\t<\/div>\n\t\t\t\t\t<\/div>\n\t\t\t\t<\/div>\n\t\t<div class=\"elementor-element elementor-element-a36f53d e-flex e-con-boxed e-con e-parent\" data-id=\"a36f53d\" data-element_type=\"container\" data-e-type=\"container\">\n\t\t\t\t\t<div class=\"e-con-inner\">\n\t\t\t\t<div class=\"elementor-element elementor-element-b47169e elementor-widget elementor-widget-text-editor\" data-id=\"b47169e\" data-element_type=\"widget\" data-e-type=\"widget\" data-widget_type=\"text-editor.default\">\n\t\t\t\t\t\t\t\t\t<p>Er erkl\u00e4rt, dass er dieses Jahr auch am Fischumzug teilnehmen m\u00f6chte und erz\u00e4hlt den Abenteurern, dass morgen ein grosser Feiertag ist. In einem Weiher im Wald neben Trost gibt es sehr spezielle Fische, die f\u00fcr das Dorf heilig sind. Ein mal im Jahr werden die Fische mit Eimern in die Brunnen von Trost verlegt, damit die Einwohner den Weiher reinigen k\u00f6nnen. Daher hat Teyo einen Eimer organisiert. Er m\u00f6chte unbedingt mitgehen und da seine Mutter im Laden sein muss, haben die Abenteurer angeboten, dass sie morgen mit ihm hingehen werden.<\/p>\t\t\t\t\t\t\t\t<\/div>\n\t\t\t\t\t<\/div>\n\t\t\t\t<\/div>\n\t\t\t\t<\/div>\n\t\t","protected":false},"excerpt":{"rendered":"<p>Nach dem Zwischenstopp in der Taverne von Sina machen sich die Abenteurer wieder auf den Weg in Richtung Trost. Fey verwandelt sich in eine riesige Echse, wobei es einen Streit zwischen Heikas und Bilja gab, bei welchem es darum ging, wer auf Fey reiten darf. Auf dem Weg, nahe der Kreuzung, die runter in den [&hellip;]<\/p>\n","protected":false},"author":3,"featured_media":0,"parent":0,"menu_order":0,"comment_status":"closed","ping_status":"closed","template":"","meta":{"footnotes":""},"class_list":["post-931","page","type-page","status-publish","hentry"],"_links":{"self":[{"href":"https:\/\/taverne-usghenkt.ddns.net\/index.php\/wp-json\/wp\/v2\/pages\/931","targetHints":{"allow":["GET"]}}],"collection":[{"href":"https:\/\/taverne-usghenkt.ddns.net\/index.php\/wp-json\/wp\/v2\/pages"}],"about":[{"href":"https:\/\/taverne-usghenkt.ddns.net\/index.php\/wp-json\/wp\/v2\/types\/page"}],"author":[{"embeddable":true,"href":"https:\/\/taverne-usghenkt.ddns.net\/index.php\/wp-json\/wp\/v2\/users\/3"}],"replies":[{"embeddable":true,"href":"https:\/\/taverne-usghenkt.ddns.net\/index.php\/wp-json\/wp\/v2\/comments?post=931"}],"version-history":[{"count":8,"href":"https:\/\/taverne-usghenkt.ddns.net\/index.php\/wp-json\/wp\/v2\/pages\/931\/revisions"}],"predecessor-version":[{"id":951,"href":"https:\/\/taverne-usghenkt.ddns.net\/index.php\/wp-json\/wp\/v2\/pages\/931\/revisions\/951"}],"wp:attachment":[{"href":"https:\/\/taverne-usghenkt.ddns.net\/index.php\/wp-json\/wp\/v2\/media?parent=931"}],"curies":[{"name":"wp","href":"https:\/\/api.w.org\/{rel}","templated":true}]}}