{"id":985,"date":"2026-04-01T15:17:45","date_gmt":"2026-04-01T15:17:45","guid":{"rendered":"https:\/\/taverne-usghenkt.ddns.net\/?page_id=985"},"modified":"2026-04-01T15:25:59","modified_gmt":"2026-04-01T15:25:59","slug":"session-5","status":"publish","type":"page","link":"https:\/\/taverne-usghenkt.ddns.net\/index.php\/session-5\/","title":{"rendered":"Session 5"},"content":{"rendered":"\t\t<div data-elementor-type=\"wp-page\" data-elementor-id=\"985\" class=\"elementor elementor-985\">\n\t\t\t\t<div class=\"elementor-element elementor-element-269eee8 e-flex e-con-boxed e-con e-parent\" data-id=\"269eee8\" data-element_type=\"container\" data-e-type=\"container\">\n\t\t\t\t\t<div class=\"e-con-inner\">\n\t\t\t\t<div class=\"elementor-element elementor-element-68d5789 elementor-widget elementor-widget-spacer\" data-id=\"68d5789\" data-element_type=\"widget\" data-e-type=\"widget\" data-widget_type=\"spacer.default\">\n\t\t\t\t\t\t\t<div class=\"elementor-spacer\">\n\t\t\t<div class=\"elementor-spacer-inner\"><\/div>\n\t\t<\/div>\n\t\t\t\t\t\t<\/div>\n\t\t\t\t\t<\/div>\n\t\t\t\t<\/div>\n\t\t<div class=\"elementor-element elementor-element-23bb26c e-flex e-con-boxed e-con e-parent\" data-id=\"23bb26c\" data-element_type=\"container\" data-e-type=\"container\">\n\t\t\t\t\t<div class=\"e-con-inner\">\n\t\t\t\t<div class=\"elementor-element elementor-element-682d280 elementor-widget elementor-widget-text-editor\" data-id=\"682d280\" data-element_type=\"widget\" data-e-type=\"widget\" data-widget_type=\"text-editor.default\">\n\t\t\t\t\t\t\t\t\t<p>Gegen Abend gehen die Abenteurer in die Taverne &#8220;Zum Apfelkern&#8221;, um das Abendessen einzunehmen und zu \u00fcbernachten. An einem Tisch steht eine Gruppe Teenager, welche gerade einen Fischlampion fertig gebastelt hat, weshalb sie freudig einen Tanz auff\u00fchren. Heikas geht zu ihnen und tanzt mit.<\/p>\t\t\t\t\t\t\t\t<\/div>\n\t\t\t\t\t<\/div>\n\t\t\t\t<\/div>\n\t\t<div class=\"elementor-element elementor-element-66d46dc e-flex e-con-boxed e-con e-parent\" data-id=\"66d46dc\" data-element_type=\"container\" data-e-type=\"container\">\n\t\t\t\t\t<div class=\"e-con-inner\">\n\t\t\t\t<div class=\"elementor-element elementor-element-6cf1926 elementor-widget elementor-widget-image\" data-id=\"6cf1926\" data-element_type=\"widget\" data-e-type=\"widget\" data-widget_type=\"image.default\">\n\t\t\t\t\t\t\t\t\t\t\t\t\t\t\t<img fetchpriority=\"high\" decoding=\"async\" width=\"654\" height=\"1024\" src=\"https:\/\/taverne-usghenkt.ddns.net\/wp-content\/uploads\/2026\/04\/Gasthaus_Trost_EG-654x1024.png\" class=\"attachment-large size-large wp-image-990\" alt=\"\" srcset=\"https:\/\/taverne-usghenkt.ddns.net\/wp-content\/uploads\/2026\/04\/Gasthaus_Trost_EG-654x1024.png 654w, https:\/\/taverne-usghenkt.ddns.net\/wp-content\/uploads\/2026\/04\/Gasthaus_Trost_EG-191x300.png 191w, https:\/\/taverne-usghenkt.ddns.net\/wp-content\/uploads\/2026\/04\/Gasthaus_Trost_EG-768x1203.png 768w, https:\/\/taverne-usghenkt.ddns.net\/wp-content\/uploads\/2026\/04\/Gasthaus_Trost_EG.png 826w\" sizes=\"(max-width: 654px) 100vw, 654px\" \/>\t\t\t\t\t\t\t\t\t\t\t\t\t\t\t<\/div>\n\t\t\t\t\t<\/div>\n\t\t\t\t<\/div>\n\t\t<div class=\"elementor-element elementor-element-678f188 e-flex e-con-boxed e-con e-parent\" data-id=\"678f188\" data-element_type=\"container\" data-e-type=\"container\">\n\t\t\t\t\t<div class=\"e-con-inner\">\n\t\t\t\t<div class=\"elementor-element elementor-element-c65ac00 elementor-widget elementor-widget-image\" data-id=\"c65ac00\" data-element_type=\"widget\" data-e-type=\"widget\" data-widget_type=\"image.default\">\n\t\t\t\t\t\t\t\t\t\t\t\t\t\t\t<img decoding=\"async\" width=\"589\" height=\"1024\" src=\"https:\/\/taverne-usghenkt.ddns.net\/wp-content\/uploads\/2026\/04\/Gasthaus_Trost_1Stock-589x1024.png\" class=\"attachment-large size-large wp-image-989\" alt=\"\" srcset=\"https:\/\/taverne-usghenkt.ddns.net\/wp-content\/uploads\/2026\/04\/Gasthaus_Trost_1Stock-589x1024.png 589w, https:\/\/taverne-usghenkt.ddns.net\/wp-content\/uploads\/2026\/04\/Gasthaus_Trost_1Stock-173x300.png 173w, https:\/\/taverne-usghenkt.ddns.net\/wp-content\/uploads\/2026\/04\/Gasthaus_Trost_1Stock.png 734w\" sizes=\"(max-width: 589px) 100vw, 589px\" \/>\t\t\t\t\t\t\t\t\t\t\t\t\t\t\t<\/div>\n\t\t\t\t\t<\/div>\n\t\t\t\t<\/div>\n\t\t<div class=\"elementor-element elementor-element-1524f9e e-flex e-con-boxed e-con e-parent\" data-id=\"1524f9e\" data-element_type=\"container\" data-e-type=\"container\">\n\t\t\t\t\t<div class=\"e-con-inner\">\n\t\t\t\t<div class=\"elementor-element elementor-element-a76f12b elementor-widget elementor-widget-text-editor\" data-id=\"a76f12b\" data-element_type=\"widget\" data-e-type=\"widget\" data-widget_type=\"text-editor.default\">\n\t\t\t\t\t\t\t\t\t<p>Am Morgen sitzt Corvax bereits beim Fr\u00fchst\u00fccken in der Taverne und wartet auf den Rest der Abenteurer. Als sie aus der Taverne schreiten, sehen sie, wie bereits alle aus dem H\u00e4uschen sind und die Strassen und H\u00e4user mit Fischlampions dekorieren. Sie holen Teyo im Apfelgesch\u00e4ft ab.<\/p>\t\t\t\t\t\t\t\t<\/div>\n\t\t\t\t<div class=\"elementor-element elementor-element-f7accab elementor-widget elementor-widget-image\" data-id=\"f7accab\" data-element_type=\"widget\" data-e-type=\"widget\" data-widget_type=\"image.default\">\n\t\t\t\t\t\t\t\t\t\t\t\t\t\t\t<img decoding=\"async\" width=\"1024\" height=\"771\" src=\"https:\/\/taverne-usghenkt.ddns.net\/wp-content\/uploads\/2026\/04\/Fischlampion-1024x771.png\" class=\"attachment-large size-large wp-image-993\" alt=\"\" srcset=\"https:\/\/taverne-usghenkt.ddns.net\/wp-content\/uploads\/2026\/04\/Fischlampion-1024x771.png 1024w, https:\/\/taverne-usghenkt.ddns.net\/wp-content\/uploads\/2026\/04\/Fischlampion-300x226.png 300w, https:\/\/taverne-usghenkt.ddns.net\/wp-content\/uploads\/2026\/04\/Fischlampion-768x578.png 768w, https:\/\/taverne-usghenkt.ddns.net\/wp-content\/uploads\/2026\/04\/Fischlampion.png 1232w\" sizes=\"(max-width: 1024px) 100vw, 1024px\" \/>\t\t\t\t\t\t\t\t\t\t\t\t\t\t\t<\/div>\n\t\t\t\t<div class=\"elementor-element elementor-element-bae126e elementor-widget elementor-widget-text-editor\" data-id=\"bae126e\" data-element_type=\"widget\" data-e-type=\"widget\" data-widget_type=\"text-editor.default\">\n\t\t\t\t\t\t\t\t\t<p>Der Weg zum Weiher f\u00fchrt sie durch einen Wald. Auf dem Waldweg begegnen ihnen immer wieder Leute mit Wagen, die mit Eimern beladen sind. Die Leute scheinen gut drauf zu sein. Am Wegesrand steht ein kleiner Stand, bei welchem man Apfelschiessen spielen kann. Teyo m\u00f6chte dies unbedingt machen, weshalb die Abenteurer einwilligen. Als Preis erhalten sie eine schimmernde Fischschuppe.<\/p><p>Beim Weiher angelangt, sehen sie viele Leute, einige Boote und nat\u00fcrlich die sch\u00f6nen, leuchtenden Fische und viele Leute, die einander helfen, die Fische in Eimern zu fangen und in Wagen aufzuladen. Sie trinken am Kiosk von Esther eine heisse Schokolade. Der Junge sagt, dass er einfach nur einen fangen m\u00f6chte und in den kleinen Brunnen bei seinem Elternhaus bringen will. Corvax hilft Teyo dabei &amp; sie schaffen es.<\/p>\t\t\t\t\t\t\t\t<\/div>\n\t\t\t\t\t<\/div>\n\t\t\t\t<\/div>\n\t\t<div class=\"elementor-element elementor-element-acd7415 e-flex e-con-boxed e-con e-parent\" data-id=\"acd7415\" data-element_type=\"container\" data-e-type=\"container\">\n\t\t\t\t\t<div class=\"e-con-inner\">\n\t\t\t\t<div class=\"elementor-element elementor-element-15bb175 elementor-widget elementor-widget-image\" data-id=\"15bb175\" data-element_type=\"widget\" data-e-type=\"widget\" data-widget_type=\"image.default\">\n\t\t\t\t\t\t\t\t\t\t\t\t\t\t\t<img loading=\"lazy\" decoding=\"async\" width=\"1024\" height=\"724\" src=\"https:\/\/taverne-usghenkt.ddns.net\/wp-content\/uploads\/2026\/04\/Weiher-1024x724.png\" class=\"attachment-large size-large wp-image-991\" alt=\"\" srcset=\"https:\/\/taverne-usghenkt.ddns.net\/wp-content\/uploads\/2026\/04\/Weiher-1024x724.png 1024w, https:\/\/taverne-usghenkt.ddns.net\/wp-content\/uploads\/2026\/04\/Weiher-300x212.png 300w, https:\/\/taverne-usghenkt.ddns.net\/wp-content\/uploads\/2026\/04\/Weiher-768x543.png 768w, https:\/\/taverne-usghenkt.ddns.net\/wp-content\/uploads\/2026\/04\/Weiher-1536x1086.png 1536w, https:\/\/taverne-usghenkt.ddns.net\/wp-content\/uploads\/2026\/04\/Weiher.png 1802w\" sizes=\"(max-width: 1024px) 100vw, 1024px\" \/>\t\t\t\t\t\t\t\t\t\t\t\t\t\t\t<\/div>\n\t\t\t\t\t<\/div>\n\t\t\t\t<\/div>\n\t\t<div class=\"elementor-element elementor-element-0eaec22 e-flex e-con-boxed e-con e-parent\" data-id=\"0eaec22\" data-element_type=\"container\" data-e-type=\"container\">\n\t\t\t\t\t<div class=\"e-con-inner\">\n\t\t\t\t<div class=\"elementor-element elementor-element-d0ca65e elementor-widget elementor-widget-image\" data-id=\"d0ca65e\" data-element_type=\"widget\" data-e-type=\"widget\" data-widget_type=\"image.default\">\n\t\t\t\t\t\t\t\t\t\t\t\t\t\t\t<img loading=\"lazy\" decoding=\"async\" width=\"1024\" height=\"771\" src=\"https:\/\/taverne-usghenkt.ddns.net\/wp-content\/uploads\/2026\/04\/Fische-1024x771.png\" class=\"attachment-large size-large wp-image-992\" alt=\"\" srcset=\"https:\/\/taverne-usghenkt.ddns.net\/wp-content\/uploads\/2026\/04\/Fische-1024x771.png 1024w, https:\/\/taverne-usghenkt.ddns.net\/wp-content\/uploads\/2026\/04\/Fische-300x226.png 300w, https:\/\/taverne-usghenkt.ddns.net\/wp-content\/uploads\/2026\/04\/Fische-768x578.png 768w, https:\/\/taverne-usghenkt.ddns.net\/wp-content\/uploads\/2026\/04\/Fische.png 1232w\" sizes=\"(max-width: 1024px) 100vw, 1024px\" \/>\t\t\t\t\t\t\t\t\t\t\t\t\t\t\t<\/div>\n\t\t\t\t<div class=\"elementor-element elementor-element-f79afc1 elementor-widget elementor-widget-text-editor\" data-id=\"f79afc1\" data-element_type=\"widget\" data-e-type=\"widget\" data-widget_type=\"text-editor.default\">\n\t\t\t\t\t\t\t\t\t<p>W\u00e4hrenddem sie versuchen, einen Fisch zu fangen, kommt Unruhe auf. Man h\u00f6rt einen Schrei wie von einem Greifvogel und ein riesiger Schatten gleitet \u00fcber den See. Als die Abenteurer in die Luft blicken, sehen sie einen kleinen (jungen) gr\u00fcnen Drachen. Dieser schnappt den Jungen und fliegt mit ihm davon.<\/p><p>Die Leute berichten den Abenteurern, dass dies noch ein junger Drache sei und daher noch nicht recht weiss, wie er sich zu verhalten hat. Normalerweise lassen die Drachen die Menschen in Ruhe, wenn man sie nicht angreift. Der Drache habe sein Nest nordw\u00e4rts auf einer Klippe. Es sind ca. 3 h Wanderzeit.<\/p><p>Nachmittag: Im Wald auf den Weg zum Drachennest treffen die Abenteurer eine Familie von Bullywugs, da Veraya ausversehen ihre Speere kaputt getreten hat. Die Bullywugs sind sehr aufgew\u00fchlt und es kommt zu einem Kampf, den die Abenteurer schnell gewinnen.<\/p><p>Beim Drachennest angekommen, finden sie den Drachen und den Jungen im Nest. Sie wissen, dass Drachen gerne gl\u00e4nzende Dinge mag.<\/p>\t\t\t\t\t\t\t\t<\/div>\n\t\t\t\t\t<\/div>\n\t\t\t\t<\/div>\n\t\t<div class=\"elementor-element elementor-element-f6b7906 e-flex e-con-boxed e-con e-parent\" data-id=\"f6b7906\" data-element_type=\"container\" data-e-type=\"container\">\n\t\t\t\t\t<div class=\"e-con-inner\">\n\t\t\t\t<div class=\"elementor-element elementor-element-492819c elementor-widget elementor-widget-image\" data-id=\"492819c\" data-element_type=\"widget\" data-e-type=\"widget\" data-widget_type=\"image.default\">\n\t\t\t\t\t\t\t\t\t\t\t\t\t\t\t<img loading=\"lazy\" decoding=\"async\" width=\"722\" height=\"1024\" src=\"https:\/\/taverne-usghenkt.ddns.net\/wp-content\/uploads\/2026\/04\/Drachennest-722x1024.png\" class=\"attachment-large size-large wp-image-994\" alt=\"\" srcset=\"https:\/\/taverne-usghenkt.ddns.net\/wp-content\/uploads\/2026\/04\/Drachennest-722x1024.png 722w, https:\/\/taverne-usghenkt.ddns.net\/wp-content\/uploads\/2026\/04\/Drachennest-212x300.png 212w, https:\/\/taverne-usghenkt.ddns.net\/wp-content\/uploads\/2026\/04\/Drachennest-768x1089.png 768w, https:\/\/taverne-usghenkt.ddns.net\/wp-content\/uploads\/2026\/04\/Drachennest.png 958w\" sizes=\"(max-width: 722px) 100vw, 722px\" \/>\t\t\t\t\t\t\t\t\t\t\t\t\t\t\t<\/div>\n\t\t\t\t\t<\/div>\n\t\t\t\t<\/div>\n\t\t\t\t<\/div>\n\t\t","protected":false},"excerpt":{"rendered":"<p>Gegen Abend gehen die Abenteurer in die Taverne &#8220;Zum Apfelkern&#8221;, um das Abendessen einzunehmen und zu \u00fcbernachten. An einem Tisch steht eine Gruppe Teenager, welche gerade einen Fischlampion fertig gebastelt hat, weshalb sie freudig einen Tanz auff\u00fchren. Heikas geht zu ihnen und tanzt mit. Am Morgen sitzt Corvax bereits beim Fr\u00fchst\u00fccken in der Taverne und [&hellip;]<\/p>\n","protected":false},"author":3,"featured_media":0,"parent":0,"menu_order":0,"comment_status":"closed","ping_status":"closed","template":"","meta":{"footnotes":""},"class_list":["post-985","page","type-page","status-publish","hentry"],"_links":{"self":[{"href":"https:\/\/taverne-usghenkt.ddns.net\/index.php\/wp-json\/wp\/v2\/pages\/985","targetHints":{"allow":["GET"]}}],"collection":[{"href":"https:\/\/taverne-usghenkt.ddns.net\/index.php\/wp-json\/wp\/v2\/pages"}],"about":[{"href":"https:\/\/taverne-usghenkt.ddns.net\/index.php\/wp-json\/wp\/v2\/types\/page"}],"author":[{"embeddable":true,"href":"https:\/\/taverne-usghenkt.ddns.net\/index.php\/wp-json\/wp\/v2\/users\/3"}],"replies":[{"embeddable":true,"href":"https:\/\/taverne-usghenkt.ddns.net\/index.php\/wp-json\/wp\/v2\/comments?post=985"}],"version-history":[{"count":10,"href":"https:\/\/taverne-usghenkt.ddns.net\/index.php\/wp-json\/wp\/v2\/pages\/985\/revisions"}],"predecessor-version":[{"id":1003,"href":"https:\/\/taverne-usghenkt.ddns.net\/index.php\/wp-json\/wp\/v2\/pages\/985\/revisions\/1003"}],"wp:attachment":[{"href":"https:\/\/taverne-usghenkt.ddns.net\/index.php\/wp-json\/wp\/v2\/media?parent=985"}],"curies":[{"name":"wp","href":"https:\/\/api.w.org\/{rel}","templated":true}]}}